{"id":1396,"date":"2023-02-22T23:31:52","date_gmt":"2023-02-22T23:31:52","guid":{"rendered":"https:\/\/orechini.sk\/?page_id=1396"},"modified":"2024-06-13T16:27:44","modified_gmt":"2024-06-13T16:27:44","slug":"spolupraca","status":"publish","type":"page","link":"https:\/\/orechini.sk\/en\/spolupraca\/","title":{"rendered":"Collaboration"},"content":{"rendered":"<div data-elementor-type=\"wp-page\" data-elementor-id=\"1396\" class=\"elementor elementor-1396\" data-elementor-post-type=\"page\">\n\t\t\t\t\t\t<section class=\"elementor-section elementor-top-section elementor-element elementor-element-f3f96db elementor-section-boxed elementor-section-height-default elementor-section-height-default\" data-id=\"f3f96db\" data-element_type=\"section\">\n\t\t\t\t\t\t<div class=\"elementor-container elementor-column-gap-default\">\n\t\t\t\t\t<div class=\"elementor-column elementor-col-100 elementor-top-column elementor-element elementor-element-2be49ba\" data-id=\"2be49ba\" data-element_type=\"column\">\n\t\t\t<div class=\"elementor-widget-wrap elementor-element-populated\">\n\t\t\t\t\t\t<div class=\"elementor-element elementor-element-739a1f5 elementor-widget elementor-widget-heading\" data-id=\"739a1f5\" data-element_type=\"widget\" data-widget_type=\"heading.default\">\n\t\t\t\t<div class=\"elementor-widget-container\">\n\t\t\t<h1 class=\"elementor-heading-title elementor-size-default\">Collaboration<\/h1>\t\t<\/div>\n\t\t\t\t<\/div>\n\t\t\t\t\t<\/div>\n\t\t<\/div>\n\t\t\t\t\t<\/div>\n\t\t<\/section>\n\t\t\t\t<section class=\"elementor-section elementor-top-section elementor-element elementor-element-79baa19 elementor-section-boxed elementor-section-height-default elementor-section-height-default\" data-id=\"79baa19\" data-element_type=\"section\">\n\t\t\t\t\t\t<div class=\"elementor-container elementor-column-gap-default\">\n\t\t\t\t\t<div class=\"elementor-column elementor-col-50 elementor-top-column elementor-element elementor-element-690c1f5\" data-id=\"690c1f5\" data-element_type=\"column\">\n\t\t\t<div class=\"elementor-widget-wrap elementor-element-populated\">\n\t\t\t\t\t\t<div class=\"elementor-element elementor-element-70b178a elementor-widget elementor-widget-heading\" data-id=\"70b178a\" data-element_type=\"widget\" data-widget_type=\"heading.default\">\n\t\t\t\t<div class=\"elementor-widget-container\">\n\t\t\t<h2 class=\"elementor-heading-title elementor-size-default\">Why work with us?<\/h2>\t\t<\/div>\n\t\t\t\t<\/div>\n\t\t\t\t<div class=\"elementor-element elementor-element-eb50395 elementor-widget elementor-widget-text-editor\" data-id=\"eb50395\" data-element_type=\"widget\" data-widget_type=\"text-editor.default\">\n\t\t\t\t<div class=\"elementor-widget-container\">\n\t\t\t\t\t\t\t<p>Do you have an operation and want to work with us and get our organic products at wholesale prices? Are you interested in offering our products directly from the farm to your customers? Join our satisfied wholesale partners! Our customers include organic stores, health food stores and e-shops and gastro operations.\u00a0<\/p><p>\u00a0<\/p><p><strong>If you are interested, you can contact us via questionnaire or: <\/strong><\/p><p><strong>e-mail: <span style=\"color: #000000;\"><a style=\"color: #000000;\" href=\"mailto:predaj@orechini.sk\">predaj@orechini.sk<\/a><\/span><\/strong><\/p><p><strong>tel.no: <span style=\"color: #000000;\"><a style=\"color: #000000;\" href=\"tel:+421917882508\">+421 917 882 508<\/a><\/span><\/strong><\/p><p><strong>We look forward to our future cooperation.\u00a0<\/strong><\/p><p>\u00a0<\/p>\t\t\t\t\t\t<\/div>\n\t\t\t\t<\/div>\n\t\t\t\t\t<\/div>\n\t\t<\/div>\n\t\t\t\t<div class=\"elementor-column elementor-col-50 elementor-top-column elementor-element elementor-element-bf0649e\" data-id=\"bf0649e\" data-element_type=\"column\">\n\t\t\t<div class=\"elementor-widget-wrap elementor-element-populated\">\n\t\t\t\t\t\t<section class=\"elementor-section elementor-inner-section elementor-element elementor-element-d1da0c2 elementor-section-boxed elementor-section-height-default elementor-section-height-default\" data-id=\"d1da0c2\" data-element_type=\"section\">\n\t\t\t\t\t\t<div class=\"elementor-container elementor-column-gap-default\">\n\t\t\t\t\t<div class=\"elementor-column elementor-col-33 elementor-inner-column elementor-element elementor-element-a81fb78\" data-id=\"a81fb78\" data-element_type=\"column\">\n\t\t\t<div class=\"elementor-widget-wrap elementor-element-populated\">\n\t\t\t\t\t\t<div class=\"elementor-element elementor-element-de01a94 elementor-widget__width-initial elementor-widget elementor-widget-image\" data-id=\"de01a94\" data-element_type=\"widget\" data-widget_type=\"image.default\">\n\t\t\t\t<div class=\"elementor-widget-container\">\n\t\t\t\t\t\t\t\t\t\t\t\t\t<img decoding=\"async\" width=\"180\" height=\"209\" src=\"https:\/\/orechini.sk\/wp-content\/uploads\/2022\/07\/listocek-kontakt-vlavo.png\" class=\"attachment-large size-large wp-image-242\" alt=\"\" \/>\t\t\t\t\t\t\t\t\t\t\t\t\t<\/div>\n\t\t\t\t<\/div>\n\t\t\t\t\t<\/div>\n\t\t<\/div>\n\t\t\t\t<div class=\"elementor-column elementor-col-33 elementor-inner-column elementor-element elementor-element-d3ddc54\" data-id=\"d3ddc54\" data-element_type=\"column\">\n\t\t\t<div class=\"elementor-widget-wrap elementor-element-populated\">\n\t\t\t\t\t\t<div class=\"elementor-element elementor-element-a53cab5 elementor-widget elementor-widget-shortcode\" data-id=\"a53cab5\" data-element_type=\"widget\" data-widget_type=\"shortcode.default\">\n\t\t\t\t<div class=\"elementor-widget-container\">\n\t\t\t\t\t<div class=\"elementor-shortcode\">\n<div class=\"wpcf7 no-js\" id=\"wpcf7-f205-o1\" lang=\"sk-SK\" dir=\"ltr\">\n<div class=\"screen-reader-response\"><p role=\"status\" aria-live=\"polite\" aria-atomic=\"true\"><\/p> <ul><\/ul><\/div>\n<form action=\"\/en\/wp-json\/wp\/v2\/pages\/1396#wpcf7-f205-o1\" method=\"post\" class=\"wpcf7-form init\" aria-label=\"Contact form\" novalidate=\"novalidate\" data-status=\"init\" data-trp-original-action=\"\/en\/wp-json\/wp\/v2\/pages\/1396#wpcf7-f205-o1\">\n<div style=\"display: none;\">\n<input type=\"hidden\" name=\"_wpcf7\" value=\"205\" \/>\n<input type=\"hidden\" name=\"_wpcf7_version\" value=\"5.9.8\" \/>\n<input type=\"hidden\" name=\"_wpcf7_locale\" value=\"sk_SK\" \/>\n<input type=\"hidden\" name=\"_wpcf7_unit_tag\" value=\"wpcf7-f205-o1\" \/>\n<input type=\"hidden\" name=\"_wpcf7_container_post\" value=\"0\" \/>\n<input type=\"hidden\" name=\"_wpcf7_posted_data_hash\" value=\"\" \/>\n<input type=\"hidden\" name=\"_wpcf7_recaptcha_response\" value=\"\" \/>\n<\/div>\n<div class=\"contact-form-13\">\n\t<p class=\"contact-form-heading\">Contact form\n\t<\/p>\n\t<p><label><br \/>\n<span class=\"wpcf7-form-control-wrap\" data-name=\"company\"><input size=\"40\" maxlength=\"400\" class=\"wpcf7-form-control wpcf7-text wpcf7-validates-as-required\" aria-required=\"true\" aria-invalid=\"false\" placeholder=\"Company\" value=\"\" type=\"text\" name=\"company\" \/><\/span> <\/label><br \/>\n<label><br \/>\n<span class=\"wpcf7-form-control-wrap\" data-name=\"your-email\"><input size=\"40\" maxlength=\"400\" class=\"wpcf7-form-control wpcf7-email wpcf7-validates-as-required wpcf7-text wpcf7-validates-as-email\" aria-required=\"true\" aria-invalid=\"false\" placeholder=\"Email\" value=\"\" type=\"email\" name=\"your-email\" \/><\/span><br \/>\n<\/label><br \/>\n<label><br \/>\n<span class=\"wpcf7-form-control-wrap\" data-name=\"your-message\"><textarea cols=\"40\" rows=\"10\" maxlength=\"2000\" class=\"wpcf7-form-control wpcf7-textarea wpcf7-validates-as-required\" aria-required=\"true\" aria-invalid=\"false\" placeholder=\"Report\" name=\"your-message\"><\/textarea><\/span><br \/>\n<\/label><br \/>\n<span class=\"wpcf7-form-control-wrap\" data-name=\"acceptance-497\"><span class=\"wpcf7-form-control wpcf7-acceptance\"><span class=\"wpcf7-list-item\"><label><input type=\"checkbox\" name=\"acceptance-497\" value=\"1\" aria-invalid=\"false\" \/><span class=\"wpcf7-list-item-label\">I consent to the processing of personal data<\/span><\/label><\/span><\/span><\/span><br \/>\n<input class=\"wpcf7-form-control wpcf7-submit has-spinner\" type=\"submit\" value=\"Send to\" \/>\n\t<\/p>\n<\/div><div class=\"wpcf7-response-output\" aria-hidden=\"true\"><\/div>\n<input type=\"hidden\" name=\"trp-form-language\" value=\"en\"\/><\/form>\n<\/div>\n<\/div>\n\t\t\t\t<\/div>\n\t\t\t\t<\/div>\n\t\t\t\t\t<\/div>\n\t\t<\/div>\n\t\t\t\t<div class=\"elementor-column elementor-col-33 elementor-inner-column elementor-element elementor-element-895ef1f\" data-id=\"895ef1f\" data-element_type=\"column\">\n\t\t\t<div class=\"elementor-widget-wrap elementor-element-populated\">\n\t\t\t\t\t\t<div class=\"elementor-element elementor-element-4d7f58c elementor-widget elementor-widget-image\" data-id=\"4d7f58c\" data-element_type=\"widget\" data-widget_type=\"image.default\">\n\t\t\t\t<div class=\"elementor-widget-container\">\n\t\t\t\t\t\t\t\t\t\t\t\t\t<img decoding=\"async\" width=\"180\" height=\"209\" src=\"https:\/\/orechini.sk\/wp-content\/uploads\/2022\/07\/listocek-kontakt-vlavo.png\" class=\"attachment-large size-large wp-image-242\" alt=\"\" \/>\t\t\t\t\t\t\t\t\t\t\t\t\t<\/div>\n\t\t\t\t<\/div>\n\t\t\t\t\t<\/div>\n\t\t<\/div>\n\t\t\t\t\t<\/div>\n\t\t<\/section>\n\t\t\t\t\t<\/div>\n\t\t<\/div>\n\t\t\t\t\t<\/div>\n\t\t<\/section>\n\t\t<div class=\"elementor-element elementor-element-3f84ac6 e-flex e-con-boxed e-con e-parent\" data-id=\"3f84ac6\" data-element_type=\"container\" data-settings=\"{&quot;shape_divider_top&quot;:&quot;waves&quot;,&quot;shape_divider_top_negative&quot;:&quot;yes&quot;,&quot;shape_divider_bottom&quot;:&quot;curve-asymmetrical&quot;,&quot;shape_divider_bottom_negative&quot;:&quot;yes&quot;}\">\n\t\t\t\t\t<div class=\"e-con-inner\">\n\t\t\t\t<div class=\"elementor-shape elementor-shape-top\" data-negative=\"true\">\n\t\t\t<svg xmlns=\"http:\/\/www.w3.org\/2000\/svg\" viewbox=\"0 0 1000 100\" preserveaspectratio=\"none\">\n\t<path class=\"elementor-shape-fill\" d=\"M790.5,93.1c-59.3-5.3-116.8-18-192.6-50c-29.6-12.7-76.9-31-100.5-35.9c-23.6-4.9-52.6-7.8-75.5-5.3\tc-10.2,1.1-22.6,1.4-50.1,7.4c-27.2,6.3-58.2,16.6-79.4,24.7c-41.3,15.9-94.9,21.9-134,22.6C72,58.2,0,25.8,0,25.8V100h1000V65.3\tc0,0-51.5,19.4-106.2,25.7C839.5,97,814.1,95.2,790.5,93.1z\"\/>\n<\/svg>\t\t<\/div>\n\t\t\t\t<div class=\"elementor-shape elementor-shape-bottom\" data-negative=\"true\">\n\t\t\t<svg xmlns=\"http:\/\/www.w3.org\/2000\/svg\" viewbox=\"0 0 1000 100\" preserveaspectratio=\"none\">\n\t<path class=\"elementor-shape-fill\" d=\"M615.2,96.7C240.2,97.8,0,18.9,0,0v100h1000V0C1000,19.2,989.8,96,615.2,96.7z\"\/>\n<\/svg>\t\t<\/div>\n\t\t\t\t<div class=\"elementor-element elementor-element-9ddb6bd elementor-widget elementor-widget-heading\" data-id=\"9ddb6bd\" data-element_type=\"widget\" data-widget_type=\"heading.default\">\n\t\t\t\t<div class=\"elementor-widget-container\">\n\t\t\t<h2 class=\"elementor-heading-title elementor-size-xl\">Newsletter subscription<\/h2>\t\t<\/div>\n\t\t\t\t<\/div>\n\t\t\t\t<div class=\"elementor-element elementor-element-1a1bd77 elementor-widget elementor-widget-text-editor\" data-id=\"1a1bd77\" data-element_type=\"widget\" data-widget_type=\"text-editor.default\">\n\t\t\t\t<div class=\"elementor-widget-container\">\n\t\t\t\t\t\t\t<p style=\"text-align: center;\">Do you want to know when we will stock your favourite nuts again or don't want to miss anything essential? Subscribe to our newsletter and be the first to know.<\/p>\t\t\t\t\t\t<\/div>\n\t\t\t\t<\/div>\n\t\t\t\t<div class=\"elementor-element elementor-element-45bf058 elementor-button-align-center elementor-widget__width-initial elementor-widget elementor-widget-form\" data-id=\"45bf058\" data-element_type=\"widget\" data-settings=\"{&quot;step_next_label&quot;:&quot;\\u010eal\\u0161ie&quot;,&quot;step_previous_label&quot;:&quot;Predo\\u0161l\\u00e9&quot;,&quot;button_width&quot;:&quot;100&quot;,&quot;step_type&quot;:&quot;number_text&quot;,&quot;step_icon_shape&quot;:&quot;circle&quot;}\" data-widget_type=\"form.default\">\n\t\t\t\t<div class=\"elementor-widget-container\">\n\t\t\t\t\t<form class=\"elementor-form\" method=\"post\" name=\"Newsletter Mailchimp\" action=\"\">\n\t\t\t<input type=\"hidden\" name=\"post_id\" value=\"1396\"\/>\n\t\t\t<input type=\"hidden\" name=\"form_id\" value=\"45bf058\"\/>\n\t\t\t<input type=\"hidden\" name=\"referer_title\" value=\"orechini.sk\" \/>\n\n\t\t\t\n\t\t\t<div class=\"elementor-form-fields-wrapper elementor-labels-\">\n\t\t\t\t\t\t\t\t<div class=\"elementor-field-type-email elementor-field-group elementor-column elementor-field-group-email elementor-col-100 elementor-field-required\">\n\t\t\t\t\t\t\t\t\t\t\t\t<label for=\"form-field-email\" class=\"elementor-field-label elementor-screen-only\">\n\t\t\t\t\t\t\t\tEmail\t\t\t\t\t\t\t<\/label>\n\t\t\t\t\t\t\t\t\t\t\t\t\t\t<input size=\"1\" type=\"email\" name=\"form_fields[email]\" id=\"form-field-email\" class=\"elementor-field elementor-size-sm  elementor-field-textual\" placeholder=\"Enter your email\" required=\"required\" aria-required=\"true\">\n\t\t\t\t\t\t\t\t\t\t\t<\/div>\n\t\t\t\t\t\t\t\t<div class=\"elementor-field-type-acceptance elementor-field-group elementor-column elementor-field-group-field_e0d5730 elementor-col-100 elementor-field-required\">\n\t\t\t\t\t\t\t<div class=\"elementor-field-subgroup\">\n\t\t\t<span class=\"elementor-field-option\">\n\t\t\t\t<input type=\"checkbox\" name=\"form_fields[field_e0d5730]\" id=\"form-field-field_e0d5730\" class=\"elementor-field elementor-size-sm  elementor-acceptance-field\" required=\"required\" aria-required=\"true\">\n\t\t\t\t<label for=\"form-field-field_e0d5730\">I agree with <a href=\"https:\/\/orechini.sk\/en\/zasady-ochrany-osobnych-udajov\/\" target=\"_blank\">processing of personal data<\/a><\/label>\t\t\t<\/span>\n\t\t<\/div>\n\t\t\t\t\t\t<\/div>\n\t\t\t\t\t\t\t\t<div class=\"elementor-field-type-recaptcha_v3 elementor-field-group elementor-column elementor-field-group-field_b51c7d0 elementor-col-100 recaptcha_v3-bottomright\">\n\t\t\t\t\t<div class=\"elementor-field\" id=\"form-field-field_b51c7d0\"><div class=\"elementor-g-recaptcha\" data-sitekey=\"6LfZGvgpAAAAAM_H5_rvc26pIgMIYEJKvEnTLsyR\" data-type=\"v3\" data-action=\"Form\" data-badge=\"bottomright\" data-size=\"invisible\"><\/div><\/div>\t\t\t\t<\/div>\n\t\t\t\t\t\t\t\t<div class=\"elementor-field-group elementor-column elementor-field-type-submit elementor-col-100 e-form__buttons\">\n\t\t\t\t\t<button class=\"elementor-button elementor-size-sm\" type=\"submit\">\n\t\t\t\t\t\t<span class=\"elementor-button-content-wrapper\">\n\t\t\t\t\t\t\t\t\t\t\t\t\t\t\t\t\t\t\t\t\t\t<span class=\"elementor-button-text\">Send to<\/span>\n\t\t\t\t\t\t\t\t\t\t\t\t\t<\/span>\n\t\t\t\t\t<\/button>\n\t\t\t\t<\/div>\n\t\t\t<\/div>\n\t\t<input type=\"hidden\" name=\"trp-form-language\" value=\"en\"\/><\/form>\n\t\t\t\t<\/div>\n\t\t\t\t<\/div>\n\t\t\t\t\t<\/div>\n\t\t\t\t<\/div>\n\t\t\t\t<\/div>","protected":false},"excerpt":{"rendered":"<p>Cooperation Why cooperate with us? Do you have an operation and want to work with us and get our organic products at wholesale prices? Are you interested in offering our products directly from the farm to your customers? Join our satisfied wholesale partners! Our customers include organic stores, health food stores and e-shops and gastro operations.    If you are interested, you can contact us [...]<\/p>","protected":false},"author":1,"featured_media":0,"parent":0,"menu_order":0,"comment_status":"closed","ping_status":"closed","template":"","meta":{"_acf_changed":false,"footnotes":""},"class_list":["post-1396","page","type-page","status-publish","hentry"],"acf":[],"yoast_head":"<!-- This site is optimized with the Yoast SEO plugin v27.3 - https:\/\/yoast.com\/product\/yoast-seo-wordpress\/ -->\n<title>Spolupr\u00e1ca - orechini.sk<\/title>\n<meta name=\"robots\" content=\"index, follow, max-snippet:-1, max-image-preview:large, max-video-preview:-1\" \/>\n<link rel=\"canonical\" href=\"https:\/\/orechini.sk\/en\/spolupraca\/\" \/>\n<meta property=\"og:locale\" content=\"en_GB\" \/>\n<meta property=\"og:type\" content=\"article\" \/>\n<meta property=\"og:title\" content=\"Spolupr\u00e1ca - orechini.sk\" \/>\n<meta property=\"og:description\" content=\"Spolupr\u00e1ca Pre\u010do s nami spolupracova\u0165? M\u00e1te prev\u00e1dzku a chcete s\u00a0nami spolupracova\u0165 a\u00a0odobera\u0165 na\u0161e bio produkty za ve\u013ekoobchodn\u00e9 ceny? M\u00e1te z\u00e1ujem pon\u00faka\u0165\u00a0 z\u00e1kazn\u00edkom na\u0161e produkty priamo z farmy? Pridajte sa k na\u0161im spokojn\u00fdm ve\u013ekoobchodn\u00fdm partnerom! Medzi na\u0161ich odberate\u013eov patria biopredajne, predajne a\u00a0e-shopy zameran\u00e9 na zdrav\u00fa v\u00fd\u017eivu a gastro prev\u00e1dzky.\u00a0 \u00a0 Ak m\u00e1te z\u00e1ujem, kontaktova\u0165 n\u00e1s m\u00f4\u017eete [&hellip;]\" \/>\n<meta property=\"og:url\" content=\"https:\/\/orechini.sk\/en\/spolupraca\/\" \/>\n<meta property=\"og:site_name\" content=\"orechini.sk\" \/>\n<meta property=\"article:modified_time\" content=\"2024-06-13T16:27:44+00:00\" \/>\n<meta property=\"og:image\" content=\"https:\/\/orechini.sk\/wp-content\/uploads\/2022\/07\/listocek-kontakt-vlavo.png\" \/>\n<meta name=\"twitter:card\" content=\"summary_large_image\" \/>\n<meta name=\"twitter:label1\" content=\"Estimated reading time\" \/>\n\t<meta name=\"twitter:data1\" content=\"1 minute\" \/>\n<script type=\"application\/ld+json\" class=\"yoast-schema-graph\">{\"@context\":\"https:\\\/\\\/schema.org\",\"@graph\":[{\"@type\":\"WebPage\",\"@id\":\"https:\\\/\\\/orechini.sk\\\/spolupraca\\\/\",\"url\":\"https:\\\/\\\/orechini.sk\\\/spolupraca\\\/\",\"name\":\"Spolupr\u00e1ca - orechini.sk\",\"isPartOf\":{\"@id\":\"https:\\\/\\\/orechini.sk\\\/#website\"},\"primaryImageOfPage\":{\"@id\":\"https:\\\/\\\/orechini.sk\\\/spolupraca\\\/#primaryimage\"},\"image\":{\"@id\":\"https:\\\/\\\/orechini.sk\\\/spolupraca\\\/#primaryimage\"},\"thumbnailUrl\":\"http:\\\/\\\/orechini.sk\\\/wp-content\\\/uploads\\\/2022\\\/07\\\/listocek-kontakt-vlavo.png\",\"datePublished\":\"2023-02-22T23:31:52+00:00\",\"dateModified\":\"2024-06-13T16:27:44+00:00\",\"breadcrumb\":{\"@id\":\"https:\\\/\\\/orechini.sk\\\/spolupraca\\\/#breadcrumb\"},\"inLanguage\":\"en-GB\",\"potentialAction\":[{\"@type\":\"ReadAction\",\"target\":[\"https:\\\/\\\/orechini.sk\\\/spolupraca\\\/\"]}]},{\"@type\":\"ImageObject\",\"inLanguage\":\"en-GB\",\"@id\":\"https:\\\/\\\/orechini.sk\\\/spolupraca\\\/#primaryimage\",\"url\":\"http:\\\/\\\/orechini.sk\\\/wp-content\\\/uploads\\\/2022\\\/07\\\/listocek-kontakt-vlavo.png\",\"contentUrl\":\"http:\\\/\\\/orechini.sk\\\/wp-content\\\/uploads\\\/2022\\\/07\\\/listocek-kontakt-vlavo.png\"},{\"@type\":\"BreadcrumbList\",\"@id\":\"https:\\\/\\\/orechini.sk\\\/spolupraca\\\/#breadcrumb\",\"itemListElement\":[{\"@type\":\"ListItem\",\"position\":1,\"name\":\"Domovsk\u00e1 str\u00e1nka\",\"item\":\"https:\\\/\\\/orechini.sk\\\/\"},{\"@type\":\"ListItem\",\"position\":2,\"name\":\"Spolupr\u00e1ca\"}]},{\"@type\":\"WebSite\",\"@id\":\"https:\\\/\\\/orechini.sk\\\/#website\",\"url\":\"https:\\\/\\\/orechini.sk\\\/\",\"name\":\"orechini.sk\",\"description\":\"Skuto\u010dne zdrav\u00e9, neskuto\u010dne dobr\u00e9.\",\"publisher\":{\"@id\":\"https:\\\/\\\/orechini.sk\\\/#organization\"},\"potentialAction\":[{\"@type\":\"SearchAction\",\"target\":{\"@type\":\"EntryPoint\",\"urlTemplate\":\"https:\\\/\\\/orechini.sk\\\/?s={search_term_string}\"},\"query-input\":{\"@type\":\"PropertyValueSpecification\",\"valueRequired\":true,\"valueName\":\"search_term_string\"}}],\"inLanguage\":\"en-GB\"},{\"@type\":\"Organization\",\"@id\":\"https:\\\/\\\/orechini.sk\\\/#organization\",\"name\":\"orechini.sk\",\"url\":\"https:\\\/\\\/orechini.sk\\\/\",\"logo\":{\"@type\":\"ImageObject\",\"inLanguage\":\"en-GB\",\"@id\":\"https:\\\/\\\/orechini.sk\\\/#\\\/schema\\\/logo\\\/image\\\/\",\"url\":\"https:\\\/\\\/orechini.sk\\\/wp-content\\\/uploads\\\/2023\\\/05\\\/orechini_logoArtboard-1-copy-5-e1683234206381.png\",\"contentUrl\":\"https:\\\/\\\/orechini.sk\\\/wp-content\\\/uploads\\\/2023\\\/05\\\/orechini_logoArtboard-1-copy-5-e1683234206381.png\",\"width\":300,\"height\":169,\"caption\":\"orechini.sk\"},\"image\":{\"@id\":\"https:\\\/\\\/orechini.sk\\\/#\\\/schema\\\/logo\\\/image\\\/\"}}]}<\/script>\n<!-- \/ Yoast SEO plugin. -->","yoast_head_json":{"title":"Spolupr\u00e1ca - orechini.sk","robots":{"index":"index","follow":"follow","max-snippet":"max-snippet:-1","max-image-preview":"max-image-preview:large","max-video-preview":"max-video-preview:-1"},"canonical":"https:\/\/orechini.sk\/en\/spolupraca\/","og_locale":"en_GB","og_type":"article","og_title":"Spolupr\u00e1ca - orechini.sk","og_description":"Spolupr\u00e1ca Pre\u010do s nami spolupracova\u0165? M\u00e1te prev\u00e1dzku a chcete s\u00a0nami spolupracova\u0165 a\u00a0odobera\u0165 na\u0161e bio produkty za ve\u013ekoobchodn\u00e9 ceny? M\u00e1te z\u00e1ujem pon\u00faka\u0165\u00a0 z\u00e1kazn\u00edkom na\u0161e produkty priamo z farmy? Pridajte sa k na\u0161im spokojn\u00fdm ve\u013ekoobchodn\u00fdm partnerom! Medzi na\u0161ich odberate\u013eov patria biopredajne, predajne a\u00a0e-shopy zameran\u00e9 na zdrav\u00fa v\u00fd\u017eivu a gastro prev\u00e1dzky.\u00a0 \u00a0 Ak m\u00e1te z\u00e1ujem, kontaktova\u0165 n\u00e1s m\u00f4\u017eete [&hellip;]","og_url":"https:\/\/orechini.sk\/en\/spolupraca\/","og_site_name":"orechini.sk","article_modified_time":"2024-06-13T16:27:44+00:00","og_image":[{"url":"https:\/\/orechini.sk\/wp-content\/uploads\/2022\/07\/listocek-kontakt-vlavo.png","type":"","width":"","height":""}],"twitter_card":"summary_large_image","twitter_misc":{"Estimated reading time":"1 minute"},"schema":{"@context":"https:\/\/schema.org","@graph":[{"@type":"WebPage","@id":"https:\/\/orechini.sk\/spolupraca\/","url":"https:\/\/orechini.sk\/spolupraca\/","name":"Spolupr\u00e1ca - orechini.sk","isPartOf":{"@id":"https:\/\/orechini.sk\/#website"},"primaryImageOfPage":{"@id":"https:\/\/orechini.sk\/spolupraca\/#primaryimage"},"image":{"@id":"https:\/\/orechini.sk\/spolupraca\/#primaryimage"},"thumbnailUrl":"https:\/\/orechini.sk\/wp-content\/uploads\/2022\/07\/listocek-kontakt-vlavo.png","datePublished":"2023-02-22T23:31:52+00:00","dateModified":"2024-06-13T16:27:44+00:00","breadcrumb":{"@id":"https:\/\/orechini.sk\/spolupraca\/#breadcrumb"},"inLanguage":"en-GB","potentialAction":[{"@type":"ReadAction","target":["https:\/\/orechini.sk\/spolupraca\/"]}]},{"@type":"ImageObject","inLanguage":"en-GB","@id":"https:\/\/orechini.sk\/spolupraca\/#primaryimage","url":"https:\/\/orechini.sk\/wp-content\/uploads\/2022\/07\/listocek-kontakt-vlavo.png","contentUrl":"https:\/\/orechini.sk\/wp-content\/uploads\/2022\/07\/listocek-kontakt-vlavo.png"},{"@type":"BreadcrumbList","@id":"https:\/\/orechini.sk\/spolupraca\/#breadcrumb","itemListElement":[{"@type":"ListItem","position":1,"name":"Domovsk\u00e1 str\u00e1nka","item":"https:\/\/orechini.sk\/"},{"@type":"ListItem","position":2,"name":"Spolupr\u00e1ca"}]},{"@type":"WebSite","@id":"https:\/\/orechini.sk\/#website","url":"https:\/\/orechini.sk\/","name":"orechini.sk","description":"Skuto\u010dne zdrav\u00e9, neskuto\u010dne dobr\u00e9.","publisher":{"@id":"https:\/\/orechini.sk\/#organization"},"potentialAction":[{"@type":"SearchAction","target":{"@type":"EntryPoint","urlTemplate":"https:\/\/orechini.sk\/?s={search_term_string}"},"query-input":{"@type":"PropertyValueSpecification","valueRequired":true,"valueName":"search_term_string"}}],"inLanguage":"en-GB"},{"@type":"Organization","@id":"https:\/\/orechini.sk\/#organization","name":"orechini.sk","url":"https:\/\/orechini.sk\/","logo":{"@type":"ImageObject","inLanguage":"en-GB","@id":"https:\/\/orechini.sk\/#\/schema\/logo\/image\/","url":"https:\/\/orechini.sk\/wp-content\/uploads\/2023\/05\/orechini_logoArtboard-1-copy-5-e1683234206381.png","contentUrl":"https:\/\/orechini.sk\/wp-content\/uploads\/2023\/05\/orechini_logoArtboard-1-copy-5-e1683234206381.png","width":300,"height":169,"caption":"orechini.sk"},"image":{"@id":"https:\/\/orechini.sk\/#\/schema\/logo\/image\/"}}]}},"_links":{"self":[{"href":"https:\/\/orechini.sk\/en\/wp-json\/wp\/v2\/pages\/1396","targetHints":{"allow":["GET"]}}],"collection":[{"href":"https:\/\/orechini.sk\/en\/wp-json\/wp\/v2\/pages"}],"about":[{"href":"https:\/\/orechini.sk\/en\/wp-json\/wp\/v2\/types\/page"}],"author":[{"embeddable":true,"href":"https:\/\/orechini.sk\/en\/wp-json\/wp\/v2\/users\/1"}],"replies":[{"embeddable":true,"href":"https:\/\/orechini.sk\/en\/wp-json\/wp\/v2\/comments?post=1396"}],"version-history":[{"count":77,"href":"https:\/\/orechini.sk\/en\/wp-json\/wp\/v2\/pages\/1396\/revisions"}],"predecessor-version":[{"id":4404,"href":"https:\/\/orechini.sk\/en\/wp-json\/wp\/v2\/pages\/1396\/revisions\/4404"}],"wp:attachment":[{"href":"https:\/\/orechini.sk\/en\/wp-json\/wp\/v2\/media?parent=1396"}],"curies":[{"name":"wp","href":"https:\/\/api.w.org\/{rel}","templated":true}]}}