{"id":17,"date":"2022-07-19T10:49:36","date_gmt":"2022-07-19T10:49:36","guid":{"rendered":"https:\/\/orechini.sk\/?page_id=17"},"modified":"2023-03-08T13:48:00","modified_gmt":"2023-03-08T13:48:00","slug":"nas-pribeh","status":"publish","type":"page","link":"https:\/\/orechini.sk\/en\/nas-pribeh\/","title":{"rendered":"Our story"},"content":{"rendered":"<div data-elementor-type=\"wp-page\" data-elementor-id=\"17\" class=\"elementor elementor-17\" data-elementor-post-type=\"page\">\n\t\t\t\t\t\t<section class=\"elementor-section elementor-top-section elementor-element elementor-element-f0cf7d8 elementor-section-full_width elementor-section-height-default elementor-section-height-default\" data-id=\"f0cf7d8\" data-element_type=\"section\" data-settings=\"{&quot;background_background&quot;:&quot;classic&quot;,&quot;shape_divider_bottom&quot;:&quot;waves&quot;}\">\n\t\t\t\t\t<div class=\"elementor-shape elementor-shape-bottom\" data-negative=\"false\">\n\t\t\t<svg xmlns=\"http:\/\/www.w3.org\/2000\/svg\" viewbox=\"0 0 1000 100\" preserveaspectratio=\"none\">\n\t<path class=\"elementor-shape-fill\" d=\"M421.9,6.5c22.6-2.5,51.5,0.4,75.5,5.3c23.6,4.9,70.9,23.5,100.5,35.7c75.8,32.2,133.7,44.5,192.6,49.7\tc23.6,2.1,48.7,3.5,103.4-2.5c54.7-6,106.2-25.6,106.2-25.6V0H0v30.3c0,0,72,32.6,158.4,30.5c39.2-0.7,92.8-6.7,134-22.4\tc21.2-8.1,52.2-18.2,79.7-24.2C399.3,7.9,411.6,7.5,421.9,6.5z\"\/>\n<\/svg>\t\t<\/div>\n\t\t\t\t\t<div class=\"elementor-container elementor-column-gap-default\">\n\t\t\t\t\t<div class=\"elementor-column elementor-col-100 elementor-top-column elementor-element elementor-element-500934b\" data-id=\"500934b\" data-element_type=\"column\">\n\t\t\t<div class=\"elementor-widget-wrap elementor-element-populated\">\n\t\t\t\t\t\t<div class=\"elementor-element elementor-element-05d41c9 elementor-widget elementor-widget-heading\" data-id=\"05d41c9\" data-element_type=\"widget\" data-widget_type=\"heading.default\">\n\t\t\t\t<div class=\"elementor-widget-container\">\n\t\t\t<h1 class=\"elementor-heading-title elementor-size-default\">Our story<\/h1>\t\t<\/div>\n\t\t\t\t<\/div>\n\t\t\t\t<section class=\"elementor-section elementor-inner-section elementor-element elementor-element-cd46c15 elementor-section-full_width elementor-reverse-mobile elementor-section-height-default elementor-section-height-default\" data-id=\"cd46c15\" data-element_type=\"section\">\n\t\t\t\t\t\t<div class=\"elementor-container elementor-column-gap-default\">\n\t\t\t\t\t<div class=\"elementor-column elementor-col-25 elementor-inner-column elementor-element elementor-element-529ab55 elementor-hidden-tablet\" data-id=\"529ab55\" data-element_type=\"column\">\n\t\t\t<div class=\"elementor-widget-wrap\">\n\t\t\t\t\t\t\t<\/div>\n\t\t<\/div>\n\t\t\t\t<div class=\"elementor-column elementor-col-25 elementor-inner-column elementor-element elementor-element-2ef9241\" data-id=\"2ef9241\" data-element_type=\"column\">\n\t\t\t<div class=\"elementor-widget-wrap elementor-element-populated\">\n\t\t\t\t\t\t<div class=\"elementor-element elementor-element-b2c05a5 elementor-widget elementor-widget-image\" data-id=\"b2c05a5\" data-element_type=\"widget\" data-widget_type=\"image.default\">\n\t\t\t\t<div class=\"elementor-widget-container\">\n\t\t\t\t\t\t\t\t\t\t\t\t\t<img fetchpriority=\"high\" decoding=\"async\" width=\"795\" height=\"702\" src=\"https:\/\/orechini.sk\/wp-content\/uploads\/2022\/08\/nas-pribeh-2.png\" class=\"attachment-large size-large wp-image-374\" alt=\"\" srcset=\"https:\/\/orechini.sk\/wp-content\/uploads\/2022\/08\/nas-pribeh-2.png 795w, https:\/\/orechini.sk\/wp-content\/uploads\/2022\/08\/nas-pribeh-2-600x530.png 600w, https:\/\/orechini.sk\/wp-content\/uploads\/2022\/08\/nas-pribeh-2-300x265.png 300w, https:\/\/orechini.sk\/wp-content\/uploads\/2022\/08\/nas-pribeh-2-768x678.png 768w\" sizes=\"(max-width: 795px) 100vw, 795px\" \/>\t\t\t\t\t\t\t\t\t\t\t\t\t<\/div>\n\t\t\t\t<\/div>\n\t\t\t\t<div class=\"elementor-element elementor-element-d4904a6 elementor-widget__width-auto elementor-hidden-desktop elementor-widget elementor-widget-image\" data-id=\"d4904a6\" data-element_type=\"widget\" data-widget_type=\"image.default\">\n\t\t\t\t<div class=\"elementor-widget-container\">\n\t\t\t\t\t\t\t\t\t\t\t\t\t<img decoding=\"async\" width=\"150\" height=\"150\" src=\"https:\/\/orechini.sk\/wp-content\/uploads\/2022\/07\/bio-orechy-150x150.png\" class=\"attachment-thumbnail size-thumbnail wp-image-323\" alt=\"\" srcset=\"https:\/\/orechini.sk\/wp-content\/uploads\/2022\/07\/bio-orechy-150x150.png 150w, https:\/\/orechini.sk\/wp-content\/uploads\/2022\/07\/bio-orechy-100x100.png 100w, https:\/\/orechini.sk\/wp-content\/uploads\/2022\/07\/bio-orechy-300x300.png 300w, https:\/\/orechini.sk\/wp-content\/uploads\/2022\/07\/bio-orechy.png 469w\" sizes=\"(max-width: 150px) 100vw, 150px\" \/>\t\t\t\t\t\t\t\t\t\t\t\t\t<\/div>\n\t\t\t\t<\/div>\n\t\t\t\t\t<\/div>\n\t\t<\/div>\n\t\t\t\t<div class=\"elementor-column elementor-col-25 elementor-inner-column elementor-element elementor-element-5fff693\" data-id=\"5fff693\" data-element_type=\"column\">\n\t\t\t<div class=\"elementor-widget-wrap elementor-element-populated\">\n\t\t\t\t\t\t<div class=\"elementor-element elementor-element-4145b06 elementor-widget elementor-widget-text-editor\" data-id=\"4145b06\" data-element_type=\"widget\" data-widget_type=\"text-editor.default\">\n\t\t\t\t<div class=\"elementor-widget-container\">\n\t\t\t\t\t\t\t<p title=\"Page 1\">Orechini is a Slovak family company, where we focus on the cultivation of fruit trees, especially nuts, apple trees and olive trees. At present we have more than 20 thousand happily living trees in our orchards, which we have planted on about 70 hectares of land.<\/p>\n<p><\/p>\n<p><span style=\"font-size: 1em;\"><br><\/span><\/p><p><span style=\"font-size: 1em;\">We have planted traditional and proven varieties in our orchards. The entire production is based on sustainable farming, respecting all the principles of organic production of organic products.<\/span><br><\/p>\t\t\t\t\t\t<\/div>\n\t\t\t\t<\/div>\n\t\t\t\t\t<\/div>\n\t\t<\/div>\n\t\t\t\t<div class=\"elementor-column elementor-col-25 elementor-inner-column elementor-element elementor-element-c086c41 elementor-hidden-tablet elementor-hidden-mobile\" data-id=\"c086c41\" data-element_type=\"column\">\n\t\t\t<div class=\"elementor-widget-wrap elementor-element-populated\">\n\t\t\t\t\t\t<div class=\"elementor-element elementor-element-1d2268c elementor-absolute nas-pribeh-3 elementor-widget elementor-widget-image\" data-id=\"1d2268c\" data-element_type=\"widget\" data-settings=\"{&quot;_position&quot;:&quot;absolute&quot;}\" data-widget_type=\"image.default\">\n\t\t\t\t<div class=\"elementor-widget-container\">\n\t\t\t\t\t\t\t\t\t\t\t\t\t<img decoding=\"async\" width=\"333\" height=\"563\" src=\"https:\/\/orechini.sk\/wp-content\/uploads\/2022\/08\/nas-pribeh-3.png\" class=\"attachment-large size-large wp-image-376\" alt=\"\" srcset=\"https:\/\/orechini.sk\/wp-content\/uploads\/2022\/08\/nas-pribeh-3.png 333w, https:\/\/orechini.sk\/wp-content\/uploads\/2022\/08\/nas-pribeh-3-177x300.png 177w\" sizes=\"(max-width: 333px) 100vw, 333px\" \/>\t\t\t\t\t\t\t\t\t\t\t\t\t<\/div>\n\t\t\t\t<\/div>\n\t\t\t\t\t<\/div>\n\t\t<\/div>\n\t\t\t\t\t<\/div>\n\t\t<\/section>\n\t\t\t\t\t<\/div>\n\t\t<\/div>\n\t\t\t\t\t<\/div>\n\t\t<\/section>\n\t\t\t\t<section class=\"elementor-section elementor-top-section elementor-element elementor-element-bee9886 elementor-section-boxed elementor-section-height-default elementor-section-height-default\" data-id=\"bee9886\" data-element_type=\"section\" data-settings=\"{&quot;background_background&quot;:&quot;classic&quot;,&quot;shape_divider_bottom&quot;:&quot;waves&quot;,&quot;shape_divider_bottom_negative&quot;:&quot;yes&quot;}\">\n\t\t\t\t\t<div class=\"elementor-shape elementor-shape-bottom\" data-negative=\"true\">\n\t\t\t<svg xmlns=\"http:\/\/www.w3.org\/2000\/svg\" viewbox=\"0 0 1000 100\" preserveaspectratio=\"none\">\n\t<path class=\"elementor-shape-fill\" d=\"M790.5,93.1c-59.3-5.3-116.8-18-192.6-50c-29.6-12.7-76.9-31-100.5-35.9c-23.6-4.9-52.6-7.8-75.5-5.3\tc-10.2,1.1-22.6,1.4-50.1,7.4c-27.2,6.3-58.2,16.6-79.4,24.7c-41.3,15.9-94.9,21.9-134,22.6C72,58.2,0,25.8,0,25.8V100h1000V65.3\tc0,0-51.5,19.4-106.2,25.7C839.5,97,814.1,95.2,790.5,93.1z\"\/>\n<\/svg>\t\t<\/div>\n\t\t\t\t\t<div class=\"elementor-container elementor-column-gap-default\">\n\t\t\t\t\t<div class=\"elementor-column elementor-col-100 elementor-top-column elementor-element elementor-element-69f83ad\" data-id=\"69f83ad\" data-element_type=\"column\">\n\t\t\t<div class=\"elementor-widget-wrap elementor-element-populated\">\n\t\t\t\t\t\t<div class=\"elementor-element elementor-element-e355835 elementor-widget__width-auto elementor-widget elementor-widget-heading\" data-id=\"e355835\" data-element_type=\"widget\" data-widget_type=\"heading.default\">\n\t\t\t\t<div class=\"elementor-widget-container\">\n\t\t\t<h2 class=\"elementor-heading-title elementor-size-default\">Really healthy,<br>\nunbelievably good.<\/h2>\t\t<\/div>\n\t\t\t\t<\/div>\n\t\t\t\t<div class=\"elementor-element elementor-element-d7c78ce elementor-widget__width-auto elementor-hidden-tablet elementor-hidden-mobile elementor-widget elementor-widget-image\" data-id=\"d7c78ce\" data-element_type=\"widget\" data-widget_type=\"image.default\">\n\t\t\t\t<div class=\"elementor-widget-container\">\n\t\t\t\t\t\t\t\t\t\t\t\t\t<img decoding=\"async\" width=\"150\" height=\"150\" src=\"https:\/\/orechini.sk\/wp-content\/uploads\/2022\/07\/bio-orechy-150x150.png\" class=\"attachment-thumbnail size-thumbnail wp-image-323\" alt=\"\" srcset=\"https:\/\/orechini.sk\/wp-content\/uploads\/2022\/07\/bio-orechy-150x150.png 150w, https:\/\/orechini.sk\/wp-content\/uploads\/2022\/07\/bio-orechy-100x100.png 100w, https:\/\/orechini.sk\/wp-content\/uploads\/2022\/07\/bio-orechy-300x300.png 300w, https:\/\/orechini.sk\/wp-content\/uploads\/2022\/07\/bio-orechy.png 469w\" sizes=\"(max-width: 150px) 100vw, 150px\" \/>\t\t\t\t\t\t\t\t\t\t\t\t\t<\/div>\n\t\t\t\t<\/div>\n\t\t\t\t<section class=\"elementor-section elementor-inner-section elementor-element elementor-element-140ec78 elementor-section-boxed elementor-section-height-default elementor-section-height-default\" data-id=\"140ec78\" data-element_type=\"section\">\n\t\t\t\t\t\t<div class=\"elementor-container elementor-column-gap-default\">\n\t\t\t\t\t<div class=\"elementor-column elementor-col-100 elementor-inner-column elementor-element elementor-element-98fb1eb\" data-id=\"98fb1eb\" data-element_type=\"column\">\n\t\t\t<div class=\"elementor-widget-wrap elementor-element-populated\">\n\t\t\t\t\t\t<div class=\"elementor-element elementor-element-fa7e0fa elementor-hidden-tablet elementor-hidden-mobile elementor-widget elementor-widget-spacer\" data-id=\"fa7e0fa\" data-element_type=\"widget\" data-widget_type=\"spacer.default\">\n\t\t\t\t<div class=\"elementor-widget-container\">\n\t\t\t\t\t<div class=\"elementor-spacer\">\n\t\t\t<div class=\"elementor-spacer-inner\"><\/div>\n\t\t<\/div>\n\t\t\t\t<\/div>\n\t\t\t\t<\/div>\n\t\t\t\t<div class=\"elementor-element elementor-element-0c71de6 nas-pribeh-video elementor-widget elementor-widget-video\" data-id=\"0c71de6\" data-element_type=\"widget\" data-settings=\"{&quot;video_type&quot;:&quot;hosted&quot;,&quot;show_image_overlay&quot;:&quot;yes&quot;,&quot;image_overlay&quot;:{&quot;url&quot;:&quot;&quot;,&quot;id&quot;:&quot;&quot;,&quot;size&quot;:&quot;&quot;,&quot;alt&quot;:&quot;&quot;,&quot;source&quot;:&quot;library&quot;},&quot;mute&quot;:&quot;yes&quot;,&quot;controls&quot;:&quot;yes&quot;}\" data-widget_type=\"video.default\">\n\t\t\t\t<div class=\"elementor-widget-container\">\n\t\t\t\t\t<div class=\"e-hosted-video elementor-wrapper elementor-open-inline\">\n\t\t\t\t\t<video class=\"elementor-video\" src=\"https:\/\/orechini.sk\/wp-content\/uploads\/2022\/11\/Untitled.mp4\" controls=\"\" preload=\"metadata\" muted=\"muted\" controlslist=\"nodownload\"><\/video>\n\t\t\t\t<\/div>\n\t\t\t\t<\/div>\n\t\t\t\t<\/div>\n\t\t\t\t\t<\/div>\n\t\t<\/div>\n\t\t\t\t\t<\/div>\n\t\t<\/section>\n\t\t\t\t\t<\/div>\n\t\t<\/div>\n\t\t\t\t\t<\/div>\n\t\t<\/section>\n\t\t\t\t<section class=\"elementor-section elementor-top-section elementor-element elementor-element-2428785 elementor-section-full_width elementor-section-height-default elementor-section-height-default\" data-id=\"2428785\" data-element_type=\"section\" data-settings=\"{&quot;background_background&quot;:&quot;classic&quot;}\">\n\t\t\t\t\t\t<div class=\"elementor-container elementor-column-gap-default\">\n\t\t\t\t\t<div class=\"elementor-column elementor-col-33 elementor-top-column elementor-element elementor-element-814b7a0 elementor-hidden-tablet elementor-hidden-mobile\" data-id=\"814b7a0\" data-element_type=\"column\">\n\t\t\t<div class=\"elementor-widget-wrap elementor-element-populated\">\n\t\t\t\t\t\t<div class=\"elementor-element elementor-element-25712f1 elementor-absolute elementor-widget elementor-widget-image\" data-id=\"25712f1\" data-element_type=\"widget\" data-settings=\"{&quot;_position&quot;:&quot;absolute&quot;}\" data-widget_type=\"image.default\">\n\t\t\t\t<div class=\"elementor-widget-container\">\n\t\t\t\t\t\t\t\t\t\t\t\t\t<img loading=\"lazy\" decoding=\"async\" width=\"141\" height=\"595\" src=\"https:\/\/orechini.sk\/wp-content\/uploads\/2022\/08\/Intersection-39.svg\" class=\"attachment-large size-large wp-image-462\" alt=\"\" \/>\t\t\t\t\t\t\t\t\t\t\t\t\t<\/div>\n\t\t\t\t<\/div>\n\t\t\t\t\t<\/div>\n\t\t<\/div>\n\t\t\t\t<div class=\"elementor-column elementor-col-33 elementor-top-column elementor-element elementor-element-12b9880\" data-id=\"12b9880\" data-element_type=\"column\">\n\t\t\t<div class=\"elementor-widget-wrap elementor-element-populated\">\n\t\t\t\t\t\t<div class=\"elementor-element elementor-element-3f8e2bb elementor-widget elementor-widget-heading\" data-id=\"3f8e2bb\" data-element_type=\"widget\" data-widget_type=\"heading.default\">\n\t\t\t\t<div class=\"elementor-widget-container\">\n\t\t\t<h2 class=\"elementor-heading-title elementor-size-default\">Walnuts<\/h2>\t\t<\/div>\n\t\t\t\t<\/div>\n\t\t\t\t<div class=\"elementor-element elementor-element-b08716d elementor-widget elementor-widget-text-editor\" data-id=\"b08716d\" data-element_type=\"widget\" data-widget_type=\"text-editor.default\">\n\t\t\t\t<div class=\"elementor-widget-container\">\n\t\t\t\t\t\t\tNuts are grown, inspected, processed\nand packed directly on our Orechini farm to guarantee\npremium quality products. They are rich in vitamin B,\nOmega-3 and Omega-6 fatty acids. They form an ideal\nfood for better memory and contribute to the reduction of LDL\ncholesterol in the body. For the greatest possible preservation\nnutritional value, we keep them in refrigerated storage. Our\nvarieties are characterised by their beautiful golden kernels\nand a buttery taste.\t\t\t\t\t\t<\/div>\n\t\t\t\t<\/div>\n\t\t\t\t\t<\/div>\n\t\t<\/div>\n\t\t\t\t<div class=\"elementor-column elementor-col-33 elementor-top-column elementor-element elementor-element-d3ec55d\" data-id=\"d3ec55d\" data-element_type=\"column\">\n\t\t\t<div class=\"elementor-widget-wrap elementor-element-populated\">\n\t\t\t\t\t\t<div class=\"elementor-element elementor-element-5e35979 elementor-widget elementor-widget-image\" data-id=\"5e35979\" data-element_type=\"widget\" data-widget_type=\"image.default\">\n\t\t\t\t<div class=\"elementor-widget-container\">\n\t\t\t\t\t\t\t\t\t\t\t\t\t<img loading=\"lazy\" decoding=\"async\" width=\"800\" height=\"969\" src=\"https:\/\/orechini.sk\/wp-content\/uploads\/2022\/08\/Group-48-1-845x1024.png\" class=\"attachment-large size-large wp-image-925\" alt=\"\" srcset=\"https:\/\/orechini.sk\/wp-content\/uploads\/2022\/08\/Group-48-1-845x1024.png 845w, https:\/\/orechini.sk\/wp-content\/uploads\/2022\/08\/Group-48-1-600x727.png 600w, https:\/\/orechini.sk\/wp-content\/uploads\/2022\/08\/Group-48-1-248x300.png 248w, https:\/\/orechini.sk\/wp-content\/uploads\/2022\/08\/Group-48-1-768x931.png 768w, https:\/\/orechini.sk\/wp-content\/uploads\/2022\/08\/Group-48-1-1267x1536.png 1267w, https:\/\/orechini.sk\/wp-content\/uploads\/2022\/08\/Group-48-1.png 1372w\" sizes=\"(max-width: 800px) 100vw, 800px\" \/>\t\t\t\t\t\t\t\t\t\t\t\t\t<\/div>\n\t\t\t\t<\/div>\n\t\t\t\t\t<\/div>\n\t\t<\/div>\n\t\t\t\t\t<\/div>\n\t\t<\/section>\n\t\t\t\t<\/div>","protected":false},"excerpt":{"rendered":"<p>Our story Orechini is a Slovak family business, where we focus on the cultivation of fruit trees, mainly nuts, apple and olive trees. Currently, our orchards are home to more than 20 thousand happily living trees, which we have planted on approximately 70 hectares of land. We have planted traditional and proven varieties in our orchards. All production is based on sustainable [...]<\/p>","protected":false},"author":1,"featured_media":0,"parent":0,"menu_order":0,"comment_status":"closed","ping_status":"closed","template":"elementor_header_footer","meta":{"_acf_changed":false,"footnotes":""},"class_list":["post-17","page","type-page","status-publish","hentry"],"acf":[],"yoast_head":"<!-- This site is optimized with the Yoast SEO plugin v27.3 - https:\/\/yoast.com\/product\/yoast-seo-wordpress\/ -->\n<title>N\u00e1\u0161 pr\u00edbeh - orechini.sk<\/title>\n<meta name=\"robots\" content=\"index, follow, max-snippet:-1, max-image-preview:large, max-video-preview:-1\" \/>\n<link rel=\"canonical\" href=\"https:\/\/orechini.sk\/en\/nas-pribeh\/\" \/>\n<meta property=\"og:locale\" content=\"en_GB\" \/>\n<meta property=\"og:type\" content=\"article\" \/>\n<meta property=\"og:title\" content=\"N\u00e1\u0161 pr\u00edbeh - orechini.sk\" \/>\n<meta property=\"og:description\" content=\"N\u00e1\u0161 pr\u00edbeh Orechini je slovenska\u0301 rodinna\u0301 firma, v ktorej sa zameriavame na pestovanie ovocny\u0301ch stromov, predovs\u030cetky\u0301m orechov, jabloni\u0301 a olivovni\u0301kov. V su\u0301c\u030casnosti sa v nas\u030cich sadoch nacha\u0301dzaviac ako 20-tisi\u0301c s\u030ct\u030castne z\u030ciju\u0301cich stromov, ktore\u0301 sme vysadili na pribliz\u030cne 70 hekta\u0301roch po\u0302dy. Do nas\u030cich sadov sme vysadili tradic\u030cne\u0301 a overene\u0301 odrody. Cela\u0301 produkcia je zaloz\u030cena\u0301 na trvalo-udrz\u030catel\u030cnom [&hellip;]\" \/>\n<meta property=\"og:url\" content=\"https:\/\/orechini.sk\/en\/nas-pribeh\/\" \/>\n<meta property=\"og:site_name\" content=\"orechini.sk\" \/>\n<meta property=\"article:modified_time\" content=\"2023-03-08T13:48:00+00:00\" \/>\n<meta property=\"og:image\" content=\"https:\/\/orechini.sk\/wp-content\/uploads\/2022\/08\/nas-pribeh-2.png\" \/>\n<meta name=\"twitter:card\" content=\"summary_large_image\" \/>\n<meta name=\"twitter:label1\" content=\"Estimated reading time\" \/>\n\t<meta name=\"twitter:data1\" content=\"1 minute\" \/>\n<script type=\"application\/ld+json\" class=\"yoast-schema-graph\">{\"@context\":\"https:\\\/\\\/schema.org\",\"@graph\":[{\"@type\":\"WebPage\",\"@id\":\"https:\\\/\\\/orechini.sk\\\/nas-pribeh\\\/\",\"url\":\"https:\\\/\\\/orechini.sk\\\/nas-pribeh\\\/\",\"name\":\"N\u00e1\u0161 pr\u00edbeh - orechini.sk\",\"isPartOf\":{\"@id\":\"https:\\\/\\\/orechini.sk\\\/#website\"},\"primaryImageOfPage\":{\"@id\":\"https:\\\/\\\/orechini.sk\\\/nas-pribeh\\\/#primaryimage\"},\"image\":{\"@id\":\"https:\\\/\\\/orechini.sk\\\/nas-pribeh\\\/#primaryimage\"},\"thumbnailUrl\":\"http:\\\/\\\/orechini.sk\\\/wp-content\\\/uploads\\\/2022\\\/08\\\/nas-pribeh-2.png\",\"datePublished\":\"2022-07-19T10:49:36+00:00\",\"dateModified\":\"2023-03-08T13:48:00+00:00\",\"breadcrumb\":{\"@id\":\"https:\\\/\\\/orechini.sk\\\/nas-pribeh\\\/#breadcrumb\"},\"inLanguage\":\"en-GB\",\"potentialAction\":[{\"@type\":\"ReadAction\",\"target\":[\"https:\\\/\\\/orechini.sk\\\/nas-pribeh\\\/\"]}]},{\"@type\":\"ImageObject\",\"inLanguage\":\"en-GB\",\"@id\":\"https:\\\/\\\/orechini.sk\\\/nas-pribeh\\\/#primaryimage\",\"url\":\"http:\\\/\\\/orechini.sk\\\/wp-content\\\/uploads\\\/2022\\\/08\\\/nas-pribeh-2.png\",\"contentUrl\":\"http:\\\/\\\/orechini.sk\\\/wp-content\\\/uploads\\\/2022\\\/08\\\/nas-pribeh-2.png\"},{\"@type\":\"BreadcrumbList\",\"@id\":\"https:\\\/\\\/orechini.sk\\\/nas-pribeh\\\/#breadcrumb\",\"itemListElement\":[{\"@type\":\"ListItem\",\"position\":1,\"name\":\"Domovsk\u00e1 str\u00e1nka\",\"item\":\"https:\\\/\\\/orechini.sk\\\/\"},{\"@type\":\"ListItem\",\"position\":2,\"name\":\"N\u00e1\u0161 pr\u00edbeh\"}]},{\"@type\":\"WebSite\",\"@id\":\"https:\\\/\\\/orechini.sk\\\/#website\",\"url\":\"https:\\\/\\\/orechini.sk\\\/\",\"name\":\"orechini.sk\",\"description\":\"Skuto\u010dne zdrav\u00e9, neskuto\u010dne dobr\u00e9.\",\"publisher\":{\"@id\":\"https:\\\/\\\/orechini.sk\\\/#organization\"},\"potentialAction\":[{\"@type\":\"SearchAction\",\"target\":{\"@type\":\"EntryPoint\",\"urlTemplate\":\"https:\\\/\\\/orechini.sk\\\/?s={search_term_string}\"},\"query-input\":{\"@type\":\"PropertyValueSpecification\",\"valueRequired\":true,\"valueName\":\"search_term_string\"}}],\"inLanguage\":\"en-GB\"},{\"@type\":\"Organization\",\"@id\":\"https:\\\/\\\/orechini.sk\\\/#organization\",\"name\":\"orechini.sk\",\"url\":\"https:\\\/\\\/orechini.sk\\\/\",\"logo\":{\"@type\":\"ImageObject\",\"inLanguage\":\"en-GB\",\"@id\":\"https:\\\/\\\/orechini.sk\\\/#\\\/schema\\\/logo\\\/image\\\/\",\"url\":\"https:\\\/\\\/orechini.sk\\\/wp-content\\\/uploads\\\/2023\\\/05\\\/orechini_logoArtboard-1-copy-5-e1683234206381.png\",\"contentUrl\":\"https:\\\/\\\/orechini.sk\\\/wp-content\\\/uploads\\\/2023\\\/05\\\/orechini_logoArtboard-1-copy-5-e1683234206381.png\",\"width\":300,\"height\":169,\"caption\":\"orechini.sk\"},\"image\":{\"@id\":\"https:\\\/\\\/orechini.sk\\\/#\\\/schema\\\/logo\\\/image\\\/\"}}]}<\/script>\n<!-- \/ Yoast SEO plugin. -->","yoast_head_json":{"title":"N\u00e1\u0161 pr\u00edbeh - orechini.sk","robots":{"index":"index","follow":"follow","max-snippet":"max-snippet:-1","max-image-preview":"max-image-preview:large","max-video-preview":"max-video-preview:-1"},"canonical":"https:\/\/orechini.sk\/en\/nas-pribeh\/","og_locale":"en_GB","og_type":"article","og_title":"N\u00e1\u0161 pr\u00edbeh - orechini.sk","og_description":"N\u00e1\u0161 pr\u00edbeh Orechini je slovenska\u0301 rodinna\u0301 firma, v ktorej sa zameriavame na pestovanie ovocny\u0301ch stromov, predovs\u030cetky\u0301m orechov, jabloni\u0301 a olivovni\u0301kov. V su\u0301c\u030casnosti sa v nas\u030cich sadoch nacha\u0301dzaviac ako 20-tisi\u0301c s\u030ct\u030castne z\u030ciju\u0301cich stromov, ktore\u0301 sme vysadili na pribliz\u030cne 70 hekta\u0301roch po\u0302dy. Do nas\u030cich sadov sme vysadili tradic\u030cne\u0301 a overene\u0301 odrody. Cela\u0301 produkcia je zaloz\u030cena\u0301 na trvalo-udrz\u030catel\u030cnom [&hellip;]","og_url":"https:\/\/orechini.sk\/en\/nas-pribeh\/","og_site_name":"orechini.sk","article_modified_time":"2023-03-08T13:48:00+00:00","og_image":[{"url":"https:\/\/orechini.sk\/wp-content\/uploads\/2022\/08\/nas-pribeh-2.png","type":"","width":"","height":""}],"twitter_card":"summary_large_image","twitter_misc":{"Estimated reading time":"1 minute"},"schema":{"@context":"https:\/\/schema.org","@graph":[{"@type":"WebPage","@id":"https:\/\/orechini.sk\/nas-pribeh\/","url":"https:\/\/orechini.sk\/nas-pribeh\/","name":"N\u00e1\u0161 pr\u00edbeh - orechini.sk","isPartOf":{"@id":"https:\/\/orechini.sk\/#website"},"primaryImageOfPage":{"@id":"https:\/\/orechini.sk\/nas-pribeh\/#primaryimage"},"image":{"@id":"https:\/\/orechini.sk\/nas-pribeh\/#primaryimage"},"thumbnailUrl":"https:\/\/orechini.sk\/wp-content\/uploads\/2022\/08\/nas-pribeh-2.png","datePublished":"2022-07-19T10:49:36+00:00","dateModified":"2023-03-08T13:48:00+00:00","breadcrumb":{"@id":"https:\/\/orechini.sk\/nas-pribeh\/#breadcrumb"},"inLanguage":"en-GB","potentialAction":[{"@type":"ReadAction","target":["https:\/\/orechini.sk\/nas-pribeh\/"]}]},{"@type":"ImageObject","inLanguage":"en-GB","@id":"https:\/\/orechini.sk\/nas-pribeh\/#primaryimage","url":"https:\/\/orechini.sk\/wp-content\/uploads\/2022\/08\/nas-pribeh-2.png","contentUrl":"https:\/\/orechini.sk\/wp-content\/uploads\/2022\/08\/nas-pribeh-2.png"},{"@type":"BreadcrumbList","@id":"https:\/\/orechini.sk\/nas-pribeh\/#breadcrumb","itemListElement":[{"@type":"ListItem","position":1,"name":"Domovsk\u00e1 str\u00e1nka","item":"https:\/\/orechini.sk\/"},{"@type":"ListItem","position":2,"name":"N\u00e1\u0161 pr\u00edbeh"}]},{"@type":"WebSite","@id":"https:\/\/orechini.sk\/#website","url":"https:\/\/orechini.sk\/","name":"orechini.sk","description":"Skuto\u010dne zdrav\u00e9, neskuto\u010dne dobr\u00e9.","publisher":{"@id":"https:\/\/orechini.sk\/#organization"},"potentialAction":[{"@type":"SearchAction","target":{"@type":"EntryPoint","urlTemplate":"https:\/\/orechini.sk\/?s={search_term_string}"},"query-input":{"@type":"PropertyValueSpecification","valueRequired":true,"valueName":"search_term_string"}}],"inLanguage":"en-GB"},{"@type":"Organization","@id":"https:\/\/orechini.sk\/#organization","name":"orechini.sk","url":"https:\/\/orechini.sk\/","logo":{"@type":"ImageObject","inLanguage":"en-GB","@id":"https:\/\/orechini.sk\/#\/schema\/logo\/image\/","url":"https:\/\/orechini.sk\/wp-content\/uploads\/2023\/05\/orechini_logoArtboard-1-copy-5-e1683234206381.png","contentUrl":"https:\/\/orechini.sk\/wp-content\/uploads\/2023\/05\/orechini_logoArtboard-1-copy-5-e1683234206381.png","width":300,"height":169,"caption":"orechini.sk"},"image":{"@id":"https:\/\/orechini.sk\/#\/schema\/logo\/image\/"}}]}},"_links":{"self":[{"href":"https:\/\/orechini.sk\/en\/wp-json\/wp\/v2\/pages\/17","targetHints":{"allow":["GET"]}}],"collection":[{"href":"https:\/\/orechini.sk\/en\/wp-json\/wp\/v2\/pages"}],"about":[{"href":"https:\/\/orechini.sk\/en\/wp-json\/wp\/v2\/types\/page"}],"author":[{"embeddable":true,"href":"https:\/\/orechini.sk\/en\/wp-json\/wp\/v2\/users\/1"}],"replies":[{"embeddable":true,"href":"https:\/\/orechini.sk\/en\/wp-json\/wp\/v2\/comments?post=17"}],"version-history":[{"count":149,"href":"https:\/\/orechini.sk\/en\/wp-json\/wp\/v2\/pages\/17\/revisions"}],"predecessor-version":[{"id":2101,"href":"https:\/\/orechini.sk\/en\/wp-json\/wp\/v2\/pages\/17\/revisions\/2101"}],"wp:attachment":[{"href":"https:\/\/orechini.sk\/en\/wp-json\/wp\/v2\/media?parent=17"}],"curies":[{"name":"wp","href":"https:\/\/api.w.org\/{rel}","templated":true}]}}