{"id":4192,"date":"2024-05-10T02:03:38","date_gmt":"2024-05-10T02:03:38","guid":{"rendered":"https:\/\/orechini.sk\/?page_id=4192"},"modified":"2024-05-30T21:13:35","modified_gmt":"2024-05-30T21:13:35","slug":"sluzby","status":"publish","type":"page","link":"https:\/\/orechini.sk\/en\/sluzby\/","title":{"rendered":"Services"},"content":{"rendered":"<div data-elementor-type=\"wp-page\" data-elementor-id=\"4192\" class=\"elementor elementor-4192\" data-elementor-post-type=\"page\">\n\t\t\t\t<div class=\"elementor-element elementor-element-521469d e-flex e-con-boxed e-con e-parent\" data-id=\"521469d\" data-element_type=\"container\" data-settings=\"{&quot;background_background&quot;:&quot;classic&quot;}\">\n\t\t\t\t\t<div class=\"e-con-inner\">\n\t\t\t\t<div class=\"elementor-element elementor-element-e147d08 elementor-widget elementor-widget-heading\" data-id=\"e147d08\" data-element_type=\"widget\" data-widget_type=\"heading.default\">\n\t\t\t\t<div class=\"elementor-widget-container\">\n\t\t\t<h1 class=\"elementor-heading-title elementor-size-default\">Services<\/h1>\t\t<\/div>\n\t\t\t\t<\/div>\n\t\t<div class=\"elementor-element elementor-element-ad1ecf9 e-grid e-con-boxed e-con e-child\" data-id=\"ad1ecf9\" data-element_type=\"container\">\n\t\t\t\t\t<div class=\"e-con-inner\">\n\t\t<div class=\"elementor-element elementor-element-9234d7c e-flex e-con-boxed e-con e-child\" data-id=\"9234d7c\" data-element_type=\"container\" data-settings=\"{&quot;background_background&quot;:&quot;classic&quot;}\">\n\t\t\t\t\t<div class=\"e-con-inner\">\n\t\t\t\t<div class=\"elementor-element elementor-element-51adf39 elementor-widget elementor-widget-heading\" data-id=\"51adf39\" data-element_type=\"widget\" data-widget_type=\"heading.default\">\n\t\t\t\t<div class=\"elementor-widget-container\">\n\t\t\t<h2 class=\"elementor-heading-title elementor-size-default\">Harvesting nuts<\/h2>\t\t<\/div>\n\t\t\t\t<\/div>\n\t\t\t\t<div class=\"elementor-element elementor-element-0bc9d27 elementor-widget elementor-widget-text-editor\" data-id=\"0bc9d27\" data-element_type=\"widget\" data-widget_type=\"text-editor.default\">\n\t\t\t\t<div class=\"elementor-widget-container\">\n\t\t\t\t\t\t\t<ul><li>Shaking of nuts<\/li><li>Harvesting nuts with a combine harvester<\/li><li>Nut removal<\/li><\/ul>\t\t\t\t\t\t<\/div>\n\t\t\t\t<\/div>\n\t\t\t\t<div class=\"elementor-element elementor-element-5ca426e elementor-widget elementor-widget-button\" data-id=\"5ca426e\" data-element_type=\"widget\" data-widget_type=\"button.default\">\n\t\t\t\t<div class=\"elementor-widget-container\">\n\t\t\t\t\t<div class=\"elementor-button-wrapper\">\n\t\t\t<a class=\"elementor-button elementor-button-link elementor-size-sm\" href=\"#contact\">\n\t\t\t\t\t\t<span class=\"elementor-button-content-wrapper\">\n\t\t\t\t\t\t\t\t\t<span class=\"elementor-button-text\">I am interested<\/span>\n\t\t\t\t\t<\/span>\n\t\t\t\t\t<\/a>\n\t\t<\/div>\n\t\t\t\t<\/div>\n\t\t\t\t<\/div>\n\t\t\t\t\t<\/div>\n\t\t\t\t<\/div>\n\t\t<div class=\"elementor-element elementor-element-5832ec8 e-flex e-con-boxed e-con e-child\" data-id=\"5832ec8\" data-element_type=\"container\" data-settings=\"{&quot;background_background&quot;:&quot;classic&quot;}\">\n\t\t\t\t\t<div class=\"e-con-inner\">\n\t\t\t\t<div class=\"elementor-element elementor-element-21512c1 elementor-widget elementor-widget-heading\" data-id=\"21512c1\" data-element_type=\"widget\" data-widget_type=\"heading.default\">\n\t\t\t\t<div class=\"elementor-widget-container\">\n\t\t\t<h2 class=\"elementor-heading-title elementor-size-default\">Post-harvest treatment of nuts<\/h2>\t\t<\/div>\n\t\t\t\t<\/div>\n\t\t\t\t<div class=\"elementor-element elementor-element-6456243 elementor-widget elementor-widget-text-editor\" data-id=\"6456243\" data-element_type=\"widget\" data-widget_type=\"text-editor.default\">\n\t\t\t\t<div class=\"elementor-widget-container\">\n\t\t\t\t\t\t\t<ul><li>Nut washing (removal of coarse dirt such as mud, stones, sticks, etc.)<\/li><li><p>Removal of green skin<\/p><\/li><li><p>Three-stage drying of nuts at computer-controlled temperature (ensures proper drying of the nut and thus preservation of all good properties)<\/p><\/li><li><p>Storage of nuts (can be stored in refrigerated or non-refrigerated storage in a separate section)<\/p><\/li><\/ul>\t\t\t\t\t\t<\/div>\n\t\t\t\t<\/div>\n\t\t\t\t<div class=\"elementor-element elementor-element-90ea71a elementor-widget elementor-widget-button\" data-id=\"90ea71a\" data-element_type=\"widget\" data-widget_type=\"button.default\">\n\t\t\t\t<div class=\"elementor-widget-container\">\n\t\t\t\t\t<div class=\"elementor-button-wrapper\">\n\t\t\t<a class=\"elementor-button elementor-button-link elementor-size-sm\" href=\"#contact\">\n\t\t\t\t\t\t<span class=\"elementor-button-content-wrapper\">\n\t\t\t\t\t\t\t\t\t<span class=\"elementor-button-text\">I am interested<\/span>\n\t\t\t\t\t<\/span>\n\t\t\t\t\t<\/a>\n\t\t<\/div>\n\t\t\t\t<\/div>\n\t\t\t\t<\/div>\n\t\t\t\t\t<\/div>\n\t\t\t\t<\/div>\n\t\t<div class=\"elementor-element elementor-element-65eb983 e-flex e-con-boxed e-con e-child\" data-id=\"65eb983\" data-element_type=\"container\" data-settings=\"{&quot;background_background&quot;:&quot;classic&quot;}\">\n\t\t\t\t\t<div class=\"e-con-inner\">\n\t\t\t\t<div class=\"elementor-element elementor-element-3f44e16 elementor-widget elementor-widget-heading\" data-id=\"3f44e16\" data-element_type=\"widget\" data-widget_type=\"heading.default\">\n\t\t\t\t<div class=\"elementor-widget-container\">\n\t\t\t<h2 class=\"elementor-heading-title elementor-size-default\">Peeling of nuts<\/h2>\t\t<\/div>\n\t\t\t\t<\/div>\n\t\t\t\t<div class=\"elementor-element elementor-element-9d85e38 elementor-widget elementor-widget-text-editor\" data-id=\"9d85e38\" data-element_type=\"widget\" data-widget_type=\"text-editor.default\">\n\t\t\t\t<div class=\"elementor-widget-container\">\n\t\t\t\t\t\t\t<ul><li>Peeling by fully automatic line - quality controlled throughout the peeling process by professional staff<\/li><li><p>Sorting kernels by size (halves, quarters, eighths.) With good quality nuts we have over 80% of halves<\/p><\/li><\/ul>\t\t\t\t\t\t<\/div>\n\t\t\t\t<\/div>\n\t\t\t\t<div class=\"elementor-element elementor-element-d5d3d4e elementor-widget elementor-widget-button\" data-id=\"d5d3d4e\" data-element_type=\"widget\" data-widget_type=\"button.default\">\n\t\t\t\t<div class=\"elementor-widget-container\">\n\t\t\t\t\t<div class=\"elementor-button-wrapper\">\n\t\t\t<a class=\"elementor-button elementor-button-link elementor-size-sm\" href=\"#contact\">\n\t\t\t\t\t\t<span class=\"elementor-button-content-wrapper\">\n\t\t\t\t\t\t\t\t\t<span class=\"elementor-button-text\">I am interested<\/span>\n\t\t\t\t\t<\/span>\n\t\t\t\t\t<\/a>\n\t\t<\/div>\n\t\t\t\t<\/div>\n\t\t\t\t<\/div>\n\t\t\t\t\t<\/div>\n\t\t\t\t<\/div>\n\t\t<div class=\"elementor-element elementor-element-cd73000 e-flex e-con-boxed e-con e-child\" data-id=\"cd73000\" data-element_type=\"container\" data-settings=\"{&quot;background_background&quot;:&quot;classic&quot;}\">\n\t\t\t\t\t<div class=\"e-con-inner\">\n\t\t\t\t<div class=\"elementor-element elementor-element-6f64c97 elementor-widget elementor-widget-heading\" data-id=\"6f64c97\" data-element_type=\"widget\" data-widget_type=\"heading.default\">\n\t\t\t\t<div class=\"elementor-widget-container\">\n\t\t\t<h2 class=\"elementor-heading-title elementor-size-default\">Packaging<\/h2>\t\t<\/div>\n\t\t\t\t<\/div>\n\t\t\t\t<div class=\"elementor-element elementor-element-5266c9e elementor-widget elementor-widget-text-editor\" data-id=\"5266c9e\" data-element_type=\"widget\" data-widget_type=\"text-editor.default\">\n\t\t\t\t<div class=\"elementor-widget-container\">\n\t\t\t\t\t\t\t<ul><li>Filling of packaging to the required grammage<\/li><li>Box packaging<\/li><li>Dojpacs or other plastic bags - closing and marking with expiry date or batch<\/li><li>Filling and closing bottles<\/li><\/ul>\t\t\t\t\t\t<\/div>\n\t\t\t\t<\/div>\n\t\t\t\t<div class=\"elementor-element elementor-element-e592f3b elementor-widget elementor-widget-button\" data-id=\"e592f3b\" data-element_type=\"widget\" data-widget_type=\"button.default\">\n\t\t\t\t<div class=\"elementor-widget-container\">\n\t\t\t\t\t<div class=\"elementor-button-wrapper\">\n\t\t\t<a class=\"elementor-button elementor-button-link elementor-size-sm\" href=\"#contact\">\n\t\t\t\t\t\t<span class=\"elementor-button-content-wrapper\">\n\t\t\t\t\t\t\t\t\t<span class=\"elementor-button-text\">I am interested<\/span>\n\t\t\t\t\t<\/span>\n\t\t\t\t\t<\/a>\n\t\t<\/div>\n\t\t\t\t<\/div>\n\t\t\t\t<\/div>\n\t\t\t\t\t<\/div>\n\t\t\t\t<\/div>\n\t\t\t\t\t<\/div>\n\t\t\t\t<\/div>\n\t\t\t\t\t<\/div>\n\t\t\t\t<\/div>\n\t\t\t\t<section class=\"elementor-section elementor-top-section elementor-element elementor-element-66bf9f1 elementor-section-boxed elementor-section-height-default elementor-section-height-default\" data-id=\"66bf9f1\" data-element_type=\"section\" data-settings=\"{&quot;shape_divider_top&quot;:&quot;waves&quot;}\">\n\t\t\t\t\t<div class=\"elementor-shape elementor-shape-top\" data-negative=\"false\">\n\t\t\t<svg xmlns=\"http:\/\/www.w3.org\/2000\/svg\" viewbox=\"0 0 1000 100\" preserveaspectratio=\"none\">\n\t<path class=\"elementor-shape-fill\" d=\"M421.9,6.5c22.6-2.5,51.5,0.4,75.5,5.3c23.6,4.9,70.9,23.5,100.5,35.7c75.8,32.2,133.7,44.5,192.6,49.7\tc23.6,2.1,48.7,3.5,103.4-2.5c54.7-6,106.2-25.6,106.2-25.6V0H0v30.3c0,0,72,32.6,158.4,30.5c39.2-0.7,92.8-6.7,134-22.4\tc21.2-8.1,52.2-18.2,79.7-24.2C399.3,7.9,411.6,7.5,421.9,6.5z\"\/>\n<\/svg>\t\t<\/div>\n\t\t\t\t\t<div class=\"elementor-container elementor-column-gap-default\">\n\t\t\t\t\t<div class=\"elementor-column elementor-col-100 elementor-top-column elementor-element elementor-element-6b9bf98\" data-id=\"6b9bf98\" data-element_type=\"column\">\n\t\t\t<div class=\"elementor-widget-wrap elementor-element-populated\">\n\t\t\t\t\t\t<section class=\"elementor-section elementor-inner-section elementor-element elementor-element-37d7d67 elementor-section-boxed elementor-section-height-default elementor-section-height-default\" data-id=\"37d7d67\" data-element_type=\"section\" id=\"contact\">\n\t\t\t\t\t\t<div class=\"elementor-container elementor-column-gap-default\">\n\t\t\t\t\t<div class=\"elementor-column elementor-col-33 elementor-inner-column elementor-element elementor-element-663f167\" data-id=\"663f167\" data-element_type=\"column\">\n\t\t\t<div class=\"elementor-widget-wrap elementor-element-populated\">\n\t\t\t\t\t\t<div class=\"elementor-element elementor-element-3ead50d elementor-widget__width-initial elementor-widget elementor-widget-image\" data-id=\"3ead50d\" data-element_type=\"widget\" data-widget_type=\"image.default\">\n\t\t\t\t<div class=\"elementor-widget-container\">\n\t\t\t\t\t\t\t\t\t\t\t\t\t<img decoding=\"async\" width=\"180\" height=\"209\" src=\"https:\/\/orechini.sk\/wp-content\/uploads\/2022\/07\/listocek-kontakt-vlavo.png\" class=\"attachment-full size-full wp-image-242\" alt=\"\" \/>\t\t\t\t\t\t\t\t\t\t\t\t\t<\/div>\n\t\t\t\t<\/div>\n\t\t\t\t\t<\/div>\n\t\t<\/div>\n\t\t\t\t<div class=\"elementor-column elementor-col-33 elementor-inner-column elementor-element elementor-element-73e4945\" data-id=\"73e4945\" data-element_type=\"column\">\n\t\t\t<div class=\"elementor-widget-wrap elementor-element-populated\">\n\t\t\t\t\t\t<div class=\"elementor-element elementor-element-59f1fa2 elementor-widget elementor-widget-shortcode\" data-id=\"59f1fa2\" data-element_type=\"widget\" id=\"contact\" data-widget_type=\"shortcode.default\">\n\t\t\t\t<div class=\"elementor-widget-container\">\n\t\t\t\t\t<div class=\"elementor-shortcode\">\n<div class=\"wpcf7 no-js\" id=\"wpcf7-f13-o1\" lang=\"sk-SK\" dir=\"ltr\">\n<div class=\"screen-reader-response\"><p role=\"status\" aria-live=\"polite\" aria-atomic=\"true\"><\/p> <ul><\/ul><\/div>\n<form action=\"\/en\/wp-json\/wp\/v2\/pages\/4192#wpcf7-f13-o1\" method=\"post\" class=\"wpcf7-form init\" aria-label=\"Contact form\" novalidate=\"novalidate\" data-status=\"init\" data-trp-original-action=\"\/en\/wp-json\/wp\/v2\/pages\/4192#wpcf7-f13-o1\">\n<div style=\"display: none;\">\n<input type=\"hidden\" name=\"_wpcf7\" value=\"13\" \/>\n<input type=\"hidden\" name=\"_wpcf7_version\" value=\"5.9.8\" \/>\n<input type=\"hidden\" name=\"_wpcf7_locale\" value=\"sk_SK\" \/>\n<input type=\"hidden\" name=\"_wpcf7_unit_tag\" value=\"wpcf7-f13-o1\" \/>\n<input type=\"hidden\" name=\"_wpcf7_container_post\" value=\"0\" \/>\n<input type=\"hidden\" name=\"_wpcf7_posted_data_hash\" value=\"\" \/>\n<input type=\"hidden\" name=\"_wpcf7_recaptcha_response\" value=\"\" \/>\n<\/div>\n<div class=\"contact-form-13\">\n\t<p class=\"contact-form-heading\">Contact form\n\t<\/p>\n\t<p><label><br \/>\n<span class=\"wpcf7-form-control-wrap\" data-name=\"your-email\"><input size=\"40\" maxlength=\"400\" class=\"wpcf7-form-control wpcf7-email wpcf7-validates-as-required wpcf7-text wpcf7-validates-as-email\" aria-required=\"true\" aria-invalid=\"false\" placeholder=\"Email\" value=\"\" type=\"email\" name=\"your-email\" \/><\/span> <\/label>\n\t<\/p>\n\t<p><label><br \/>\n<span class=\"wpcf7-form-control-wrap\" data-name=\"your-message\"><textarea cols=\"40\" rows=\"10\" maxlength=\"2000\" class=\"wpcf7-form-control wpcf7-textarea wpcf7-validates-as-required\" aria-required=\"true\" aria-invalid=\"false\" placeholder=\"Report\" name=\"your-message\"><\/textarea><\/span> <\/label>\n\t<\/p>\n\t<p><span class=\"wpcf7-form-control-wrap\" data-name=\"acceptance-917\"><span class=\"wpcf7-form-control wpcf7-acceptance\"><span class=\"wpcf7-list-item\"><label><input type=\"checkbox\" name=\"acceptance-917\" value=\"1\" aria-invalid=\"false\" \/><span class=\"wpcf7-list-item-label\">I consent to the processing of personal data<\/span><\/label><\/span><\/span><\/span>\n\t<\/p>\n\t<p><input class=\"wpcf7-form-control wpcf7-submit has-spinner\" type=\"submit\" value=\"Send to\" \/>\n\t<\/p>\n<\/div><div class=\"wpcf7-response-output\" aria-hidden=\"true\"><\/div>\n<input type=\"hidden\" name=\"trp-form-language\" value=\"en\"\/><\/form>\n<\/div>\n<\/div>\n\t\t\t\t<\/div>\n\t\t\t\t<\/div>\n\t\t\t\t\t<\/div>\n\t\t<\/div>\n\t\t\t\t<div class=\"elementor-column elementor-col-33 elementor-inner-column elementor-element elementor-element-032c3a5\" data-id=\"032c3a5\" data-element_type=\"column\">\n\t\t\t<div class=\"elementor-widget-wrap elementor-element-populated\">\n\t\t\t\t\t\t<div class=\"elementor-element elementor-element-469bb63 elementor-widget__width-initial elementor-widget elementor-widget-image\" data-id=\"469bb63\" data-element_type=\"widget\" data-widget_type=\"image.default\">\n\t\t\t\t<div class=\"elementor-widget-container\">\n\t\t\t\t\t\t\t\t\t\t\t\t\t<img decoding=\"async\" width=\"192\" height=\"205\" src=\"https:\/\/orechini.sk\/wp-content\/uploads\/2022\/07\/listocek-kontakt-vpravo.png\" class=\"attachment-large size-large wp-image-248\" alt=\"\" \/>\t\t\t\t\t\t\t\t\t\t\t\t\t<\/div>\n\t\t\t\t<\/div>\n\t\t\t\t\t<\/div>\n\t\t<\/div>\n\t\t\t\t\t<\/div>\n\t\t<\/section>\n\t\t\t\t\t<\/div>\n\t\t<\/div>\n\t\t\t\t\t<\/div>\n\t\t<\/section>\n\t\t\t\t<\/div>","protected":false},"excerpt":{"rendered":"<p>Services Nut harvesting Nut shaking Nut harvesting Nut harvesting Nut removal I am interested in Nut harvesting Nut preparation Nut washing (removal of coarse dirt such as mud, stones, sticks, etc.) Removal of green skin Three-stage drying of nuts at computer-controlled temperature (ensures proper drying of the nut and thus preservation of all good properties) Nut storage (can be stored in refrigerated or non-refrigerated warehouse [...]<\/p>","protected":false},"author":1,"featured_media":0,"parent":0,"menu_order":0,"comment_status":"closed","ping_status":"closed","template":"","meta":{"_acf_changed":false,"footnotes":""},"class_list":["post-4192","page","type-page","status-publish","hentry"],"acf":[],"yoast_head":"<!-- This site is optimized with the Yoast SEO plugin v27.3 - https:\/\/yoast.com\/product\/yoast-seo-wordpress\/ -->\n<title>Slu\u017eby - orechini.sk<\/title>\n<meta name=\"robots\" content=\"index, follow, max-snippet:-1, max-image-preview:large, max-video-preview:-1\" \/>\n<link rel=\"canonical\" href=\"https:\/\/orechini.sk\/en\/sluzby\/\" \/>\n<meta property=\"og:locale\" content=\"en_GB\" \/>\n<meta property=\"og:type\" content=\"article\" \/>\n<meta property=\"og:title\" content=\"Slu\u017eby - orechini.sk\" \/>\n<meta property=\"og:description\" content=\"Slu\u017eby Zber orechov Striasanie orechov Zber orechov kombajnom Odvoz orechov M\u00e1m z\u00e1ujem Pozberov\u00e1 \u00faprava orechov Pranie orechov (odstra\u0148ovanie hrub\u00fdch ne\u010dist\u00f4t ako blato, kamene, pali\u010dky a pod.) Odstr\u00e1nenie zelenej \u0161upky Trojstup\u0148ov\u00e9 su\u0161enie orechov pri po\u010d\u00edta\u010dom kontrolovanej teplote (zabezpe\u010d\u00ed spr\u00e1vne vysu\u0161enie orecha a teda zachovanie v\u0161etk\u00fdch dobr\u00fdch vlastnost\u00ed) Uskladnenie orechov (m\u00f4\u017eeme usklad\u0148ova\u0165 v chladenom alebo nechladenom sklade [&hellip;]\" \/>\n<meta property=\"og:url\" content=\"https:\/\/orechini.sk\/en\/sluzby\/\" \/>\n<meta property=\"og:site_name\" content=\"orechini.sk\" \/>\n<meta property=\"article:modified_time\" content=\"2024-05-30T21:13:35+00:00\" \/>\n<meta property=\"og:image\" content=\"https:\/\/orechini.sk\/wp-content\/uploads\/2022\/07\/listocek-kontakt-vlavo.png\" \/>\n<meta name=\"twitter:card\" content=\"summary_large_image\" \/>\n<meta name=\"twitter:label1\" content=\"Estimated reading time\" \/>\n\t<meta name=\"twitter:data1\" content=\"1 minute\" \/>\n<script type=\"application\/ld+json\" class=\"yoast-schema-graph\">{\"@context\":\"https:\\\/\\\/schema.org\",\"@graph\":[{\"@type\":\"WebPage\",\"@id\":\"https:\\\/\\\/orechini.sk\\\/sluzby\\\/\",\"url\":\"https:\\\/\\\/orechini.sk\\\/sluzby\\\/\",\"name\":\"Slu\u017eby - orechini.sk\",\"isPartOf\":{\"@id\":\"https:\\\/\\\/orechini.sk\\\/#website\"},\"primaryImageOfPage\":{\"@id\":\"https:\\\/\\\/orechini.sk\\\/sluzby\\\/#primaryimage\"},\"image\":{\"@id\":\"https:\\\/\\\/orechini.sk\\\/sluzby\\\/#primaryimage\"},\"thumbnailUrl\":\"http:\\\/\\\/orechini.sk\\\/wp-content\\\/uploads\\\/2022\\\/07\\\/listocek-kontakt-vlavo.png\",\"datePublished\":\"2024-05-10T02:03:38+00:00\",\"dateModified\":\"2024-05-30T21:13:35+00:00\",\"breadcrumb\":{\"@id\":\"https:\\\/\\\/orechini.sk\\\/sluzby\\\/#breadcrumb\"},\"inLanguage\":\"en-GB\",\"potentialAction\":[{\"@type\":\"ReadAction\",\"target\":[\"https:\\\/\\\/orechini.sk\\\/sluzby\\\/\"]}]},{\"@type\":\"ImageObject\",\"inLanguage\":\"en-GB\",\"@id\":\"https:\\\/\\\/orechini.sk\\\/sluzby\\\/#primaryimage\",\"url\":\"http:\\\/\\\/orechini.sk\\\/wp-content\\\/uploads\\\/2022\\\/07\\\/listocek-kontakt-vlavo.png\",\"contentUrl\":\"http:\\\/\\\/orechini.sk\\\/wp-content\\\/uploads\\\/2022\\\/07\\\/listocek-kontakt-vlavo.png\"},{\"@type\":\"BreadcrumbList\",\"@id\":\"https:\\\/\\\/orechini.sk\\\/sluzby\\\/#breadcrumb\",\"itemListElement\":[{\"@type\":\"ListItem\",\"position\":1,\"name\":\"Domovsk\u00e1 str\u00e1nka\",\"item\":\"https:\\\/\\\/orechini.sk\\\/\"},{\"@type\":\"ListItem\",\"position\":2,\"name\":\"Slu\u017eby\"}]},{\"@type\":\"WebSite\",\"@id\":\"https:\\\/\\\/orechini.sk\\\/#website\",\"url\":\"https:\\\/\\\/orechini.sk\\\/\",\"name\":\"orechini.sk\",\"description\":\"Skuto\u010dne zdrav\u00e9, neskuto\u010dne dobr\u00e9.\",\"publisher\":{\"@id\":\"https:\\\/\\\/orechini.sk\\\/#organization\"},\"potentialAction\":[{\"@type\":\"SearchAction\",\"target\":{\"@type\":\"EntryPoint\",\"urlTemplate\":\"https:\\\/\\\/orechini.sk\\\/?s={search_term_string}\"},\"query-input\":{\"@type\":\"PropertyValueSpecification\",\"valueRequired\":true,\"valueName\":\"search_term_string\"}}],\"inLanguage\":\"en-GB\"},{\"@type\":\"Organization\",\"@id\":\"https:\\\/\\\/orechini.sk\\\/#organization\",\"name\":\"orechini.sk\",\"url\":\"https:\\\/\\\/orechini.sk\\\/\",\"logo\":{\"@type\":\"ImageObject\",\"inLanguage\":\"en-GB\",\"@id\":\"https:\\\/\\\/orechini.sk\\\/#\\\/schema\\\/logo\\\/image\\\/\",\"url\":\"https:\\\/\\\/orechini.sk\\\/wp-content\\\/uploads\\\/2023\\\/05\\\/orechini_logoArtboard-1-copy-5-e1683234206381.png\",\"contentUrl\":\"https:\\\/\\\/orechini.sk\\\/wp-content\\\/uploads\\\/2023\\\/05\\\/orechini_logoArtboard-1-copy-5-e1683234206381.png\",\"width\":300,\"height\":169,\"caption\":\"orechini.sk\"},\"image\":{\"@id\":\"https:\\\/\\\/orechini.sk\\\/#\\\/schema\\\/logo\\\/image\\\/\"}}]}<\/script>\n<!-- \/ Yoast SEO plugin. -->","yoast_head_json":{"title":"Slu\u017eby - orechini.sk","robots":{"index":"index","follow":"follow","max-snippet":"max-snippet:-1","max-image-preview":"max-image-preview:large","max-video-preview":"max-video-preview:-1"},"canonical":"https:\/\/orechini.sk\/en\/sluzby\/","og_locale":"en_GB","og_type":"article","og_title":"Slu\u017eby - orechini.sk","og_description":"Slu\u017eby Zber orechov Striasanie orechov Zber orechov kombajnom Odvoz orechov M\u00e1m z\u00e1ujem Pozberov\u00e1 \u00faprava orechov Pranie orechov (odstra\u0148ovanie hrub\u00fdch ne\u010dist\u00f4t ako blato, kamene, pali\u010dky a pod.) Odstr\u00e1nenie zelenej \u0161upky Trojstup\u0148ov\u00e9 su\u0161enie orechov pri po\u010d\u00edta\u010dom kontrolovanej teplote (zabezpe\u010d\u00ed spr\u00e1vne vysu\u0161enie orecha a teda zachovanie v\u0161etk\u00fdch dobr\u00fdch vlastnost\u00ed) Uskladnenie orechov (m\u00f4\u017eeme usklad\u0148ova\u0165 v chladenom alebo nechladenom sklade [&hellip;]","og_url":"https:\/\/orechini.sk\/en\/sluzby\/","og_site_name":"orechini.sk","article_modified_time":"2024-05-30T21:13:35+00:00","og_image":[{"url":"https:\/\/orechini.sk\/wp-content\/uploads\/2022\/07\/listocek-kontakt-vlavo.png","type":"","width":"","height":""}],"twitter_card":"summary_large_image","twitter_misc":{"Estimated reading time":"1 minute"},"schema":{"@context":"https:\/\/schema.org","@graph":[{"@type":"WebPage","@id":"https:\/\/orechini.sk\/sluzby\/","url":"https:\/\/orechini.sk\/sluzby\/","name":"Slu\u017eby - orechini.sk","isPartOf":{"@id":"https:\/\/orechini.sk\/#website"},"primaryImageOfPage":{"@id":"https:\/\/orechini.sk\/sluzby\/#primaryimage"},"image":{"@id":"https:\/\/orechini.sk\/sluzby\/#primaryimage"},"thumbnailUrl":"https:\/\/orechini.sk\/wp-content\/uploads\/2022\/07\/listocek-kontakt-vlavo.png","datePublished":"2024-05-10T02:03:38+00:00","dateModified":"2024-05-30T21:13:35+00:00","breadcrumb":{"@id":"https:\/\/orechini.sk\/sluzby\/#breadcrumb"},"inLanguage":"en-GB","potentialAction":[{"@type":"ReadAction","target":["https:\/\/orechini.sk\/sluzby\/"]}]},{"@type":"ImageObject","inLanguage":"en-GB","@id":"https:\/\/orechini.sk\/sluzby\/#primaryimage","url":"https:\/\/orechini.sk\/wp-content\/uploads\/2022\/07\/listocek-kontakt-vlavo.png","contentUrl":"https:\/\/orechini.sk\/wp-content\/uploads\/2022\/07\/listocek-kontakt-vlavo.png"},{"@type":"BreadcrumbList","@id":"https:\/\/orechini.sk\/sluzby\/#breadcrumb","itemListElement":[{"@type":"ListItem","position":1,"name":"Domovsk\u00e1 str\u00e1nka","item":"https:\/\/orechini.sk\/"},{"@type":"ListItem","position":2,"name":"Slu\u017eby"}]},{"@type":"WebSite","@id":"https:\/\/orechini.sk\/#website","url":"https:\/\/orechini.sk\/","name":"orechini.sk","description":"Skuto\u010dne zdrav\u00e9, neskuto\u010dne dobr\u00e9.","publisher":{"@id":"https:\/\/orechini.sk\/#organization"},"potentialAction":[{"@type":"SearchAction","target":{"@type":"EntryPoint","urlTemplate":"https:\/\/orechini.sk\/?s={search_term_string}"},"query-input":{"@type":"PropertyValueSpecification","valueRequired":true,"valueName":"search_term_string"}}],"inLanguage":"en-GB"},{"@type":"Organization","@id":"https:\/\/orechini.sk\/#organization","name":"orechini.sk","url":"https:\/\/orechini.sk\/","logo":{"@type":"ImageObject","inLanguage":"en-GB","@id":"https:\/\/orechini.sk\/#\/schema\/logo\/image\/","url":"https:\/\/orechini.sk\/wp-content\/uploads\/2023\/05\/orechini_logoArtboard-1-copy-5-e1683234206381.png","contentUrl":"https:\/\/orechini.sk\/wp-content\/uploads\/2023\/05\/orechini_logoArtboard-1-copy-5-e1683234206381.png","width":300,"height":169,"caption":"orechini.sk"},"image":{"@id":"https:\/\/orechini.sk\/#\/schema\/logo\/image\/"}}]}},"_links":{"self":[{"href":"https:\/\/orechini.sk\/en\/wp-json\/wp\/v2\/pages\/4192","targetHints":{"allow":["GET"]}}],"collection":[{"href":"https:\/\/orechini.sk\/en\/wp-json\/wp\/v2\/pages"}],"about":[{"href":"https:\/\/orechini.sk\/en\/wp-json\/wp\/v2\/types\/page"}],"author":[{"embeddable":true,"href":"https:\/\/orechini.sk\/en\/wp-json\/wp\/v2\/users\/1"}],"replies":[{"embeddable":true,"href":"https:\/\/orechini.sk\/en\/wp-json\/wp\/v2\/comments?post=4192"}],"version-history":[{"count":20,"href":"https:\/\/orechini.sk\/en\/wp-json\/wp\/v2\/pages\/4192\/revisions"}],"predecessor-version":[{"id":4232,"href":"https:\/\/orechini.sk\/en\/wp-json\/wp\/v2\/pages\/4192\/revisions\/4232"}],"wp:attachment":[{"href":"https:\/\/orechini.sk\/en\/wp-json\/wp\/v2\/media?parent=4192"}],"curies":[{"name":"wp","href":"https:\/\/api.w.org\/{rel}","templated":true}]}}