{"id":1644,"date":"2023-03-01T13:46:10","date_gmt":"2023-03-01T13:46:10","guid":{"rendered":"https:\/\/orechini.sk\/?post_type=product&#038;p=1644"},"modified":"2025-12-17T15:31:56","modified_gmt":"2025-12-17T15:31:56","slug":"vlasske-orechy-2","status":"publish","type":"product","link":"https:\/\/orechini.sk\/en\/product\/vlasske-orechy-2\/","title":{"rendered":"Organic walnuts in shell 1kg"},"content":{"rendered":"<div class=\"product-custom-detail\">\n<div class=\"product-custom-detail-text\">\n<p><strong>Harvest<\/strong>: 2025<\/p>\n<p><strong>Administrative classification:<\/strong> Dry nuts<\/p>\n<p><strong>Composition:<\/strong> Walnuts 100%<\/p>\n<p><strong>Country of origin:<\/strong>\u00a0Slovakia<\/p>\n<p><strong>Storage:<\/strong> Store in a dark, cool and dry place.<\/p>\n<p><strong>Packaging:<\/strong> Reclosable doypack bag<\/p>\n<\/div>\n<div class=\"product-custom-detail-img\"><img fetchpriority=\"high\" decoding=\"async\" class=\"wp-image-1634 alignright\" src=\"https:\/\/orechini.sk\/wp-content\/uploads\/2023\/02\/Group-378-300x207.png\" alt=\"\" width=\"628\" height=\"433\" srcset=\"https:\/\/orechini.sk\/wp-content\/uploads\/2023\/02\/Group-378-300x207.png 300w, https:\/\/orechini.sk\/wp-content\/uploads\/2023\/02\/Group-378.png 591w\" sizes=\"(max-width: 628px) 100vw, 628px\" \/><\/div>\n<\/div>","protected":false},"excerpt":{"rendered":"<p>The nuts are grown, inspected, processed and packaged directly on our Orechini farm to guarantee premium quality products. They are rich in vitamin B, Omega-3 and Omega-6 fatty acids. They form an ideal food for better memory and contribute to the reduction of LDL cholesterol in the body. For the greatest possible preservation of nutritional values, we keep them in refrigerated storage. Our varieties are characterised by their beautiful golden kernels and buttery taste.<\/p>","protected":false},"featured_media":2159,"template":"","meta":{"_acf_changed":false},"product_cat":[37,43,36],"product_tag":[],"class_list":{"0":"post-1644","1":"product","2":"type-product","3":"status-publish","4":"has-post-thumbnail","6":"product_cat-nelupane","7":"product_cat-orechy","8":"product_cat-sietka","10":"first","11":"instock","12":"taxable","13":"shipping-taxable","14":"purchasable","15":"product-type-variable","16":"has-default-attributes"},"acf":[],"yoast_head":"<!-- This site is optimized with the Yoast SEO plugin v27.3 - https:\/\/yoast.com\/product\/yoast-seo-wordpress\/ -->\n<title>BIO Vla\u0161sk\u00e9 orechy v \u0161krupine 1kg - orechini.sk<\/title>\n<meta name=\"robots\" content=\"index, follow, max-snippet:-1, max-image-preview:large, max-video-preview:-1\" \/>\n<link rel=\"canonical\" href=\"https:\/\/orechini.sk\/en\/product\/vlasske-orechy-2\/\" \/>\n<meta property=\"og:locale\" content=\"en_GB\" \/>\n<meta property=\"og:type\" content=\"article\" \/>\n<meta property=\"og:title\" content=\"BIO Vla\u0161sk\u00e9 orechy v \u0161krupine 1kg - orechini.sk\" \/>\n<meta property=\"og:description\" content=\"Orechy su\u0301 vypestovane\u0301, skontrolovane\u0301, spracovane\u0301\u00a0a zabalene\u0301 priamo na nas\u030cej farme Orechini, aby sme zaruc\u030cili produkty prvotriednej kvality. Su\u0301 bohate\u0301 na vitami\u0301n B, Omega-3 a Omega-6 mastne\u0301 kyseliny. Tvoria idea\u0301lnu potravinu pre leps\u030ciu pama\u0308t\u030c a prispievaju\u0301 k zniz\u030covaniu LDL cholesterolu v organizme. Pre najva\u0308c\u030cs\u030cie moz\u030cne\u0301 zachovanie vy\u0301z\u030civovy\u0301ch hodno\u0302t ich uchova\u0301vame v chladenom sklade. Nas\u030ce odrody sa vyznac\u030cuju\u0301 na\u0301dherny\u0301mi zlatisty\u0301mi jadrami\u00a0a maslovou chut\u030cou.\" \/>\n<meta property=\"og:url\" content=\"https:\/\/orechini.sk\/en\/product\/vlasske-orechy-2\/\" \/>\n<meta property=\"og:site_name\" content=\"orechini.sk\" \/>\n<meta property=\"article:modified_time\" content=\"2025-12-17T15:31:56+00:00\" \/>\n<meta property=\"og:image\" content=\"https:\/\/orechini.sk\/wp-content\/uploads\/2023\/03\/ORECHINI_VlasskeOrechy_sietka_900x1350.png\" \/>\n\t<meta property=\"og:image:width\" content=\"900\" \/>\n\t<meta property=\"og:image:height\" content=\"1350\" \/>\n\t<meta property=\"og:image:type\" content=\"image\/png\" \/>\n<meta name=\"twitter:card\" content=\"summary_large_image\" \/>\n<script type=\"application\/ld+json\" class=\"yoast-schema-graph\">{\"@context\":\"https:\\\/\\\/schema.org\",\"@graph\":[{\"@type\":\"WebPage\",\"@id\":\"https:\\\/\\\/orechini.sk\\\/produkt\\\/vlasske-orechy-2\\\/\",\"url\":\"https:\\\/\\\/orechini.sk\\\/produkt\\\/vlasske-orechy-2\\\/\",\"name\":\"BIO Vla\u0161sk\u00e9 orechy v \u0161krupine 1kg - orechini.sk\",\"isPartOf\":{\"@id\":\"https:\\\/\\\/orechini.sk\\\/#website\"},\"primaryImageOfPage\":{\"@id\":\"https:\\\/\\\/orechini.sk\\\/produkt\\\/vlasske-orechy-2\\\/#primaryimage\"},\"image\":{\"@id\":\"https:\\\/\\\/orechini.sk\\\/produkt\\\/vlasske-orechy-2\\\/#primaryimage\"},\"thumbnailUrl\":\"https:\\\/\\\/orechini.sk\\\/wp-content\\\/uploads\\\/2023\\\/03\\\/ORECHINI_VlasskeOrechy_sietka_900x1350.png\",\"datePublished\":\"2023-03-01T13:46:10+00:00\",\"dateModified\":\"2025-12-17T15:31:56+00:00\",\"breadcrumb\":{\"@id\":\"https:\\\/\\\/orechini.sk\\\/produkt\\\/vlasske-orechy-2\\\/#breadcrumb\"},\"inLanguage\":\"en-GB\",\"potentialAction\":[{\"@type\":\"ReadAction\",\"target\":[\"https:\\\/\\\/orechini.sk\\\/produkt\\\/vlasske-orechy-2\\\/\"]}]},{\"@type\":\"ImageObject\",\"inLanguage\":\"en-GB\",\"@id\":\"https:\\\/\\\/orechini.sk\\\/produkt\\\/vlasske-orechy-2\\\/#primaryimage\",\"url\":\"https:\\\/\\\/orechini.sk\\\/wp-content\\\/uploads\\\/2023\\\/03\\\/ORECHINI_VlasskeOrechy_sietka_900x1350.png\",\"contentUrl\":\"https:\\\/\\\/orechini.sk\\\/wp-content\\\/uploads\\\/2023\\\/03\\\/ORECHINI_VlasskeOrechy_sietka_900x1350.png\",\"width\":900,\"height\":1350},{\"@type\":\"BreadcrumbList\",\"@id\":\"https:\\\/\\\/orechini.sk\\\/produkt\\\/vlasske-orechy-2\\\/#breadcrumb\",\"itemListElement\":[{\"@type\":\"ListItem\",\"position\":1,\"name\":\"Domovsk\u00e1 str\u00e1nka\",\"item\":\"https:\\\/\\\/orechini.sk\\\/\"},{\"@type\":\"ListItem\",\"position\":2,\"name\":\"Obchod\",\"item\":\"https:\\\/\\\/orechini.sk\\\/obchod\\\/\"},{\"@type\":\"ListItem\",\"position\":3,\"name\":\"BIO Vla\u0161sk\u00e9 orechy v \u0161krupine 1kg\"}]},{\"@type\":\"WebSite\",\"@id\":\"https:\\\/\\\/orechini.sk\\\/#website\",\"url\":\"https:\\\/\\\/orechini.sk\\\/\",\"name\":\"orechini.sk\",\"description\":\"Skuto\u010dne zdrav\u00e9, neskuto\u010dne dobr\u00e9.\",\"publisher\":{\"@id\":\"https:\\\/\\\/orechini.sk\\\/#organization\"},\"potentialAction\":[{\"@type\":\"SearchAction\",\"target\":{\"@type\":\"EntryPoint\",\"urlTemplate\":\"https:\\\/\\\/orechini.sk\\\/?s={search_term_string}\"},\"query-input\":{\"@type\":\"PropertyValueSpecification\",\"valueRequired\":true,\"valueName\":\"search_term_string\"}}],\"inLanguage\":\"en-GB\"},{\"@type\":\"Organization\",\"@id\":\"https:\\\/\\\/orechini.sk\\\/#organization\",\"name\":\"orechini.sk\",\"url\":\"https:\\\/\\\/orechini.sk\\\/\",\"logo\":{\"@type\":\"ImageObject\",\"inLanguage\":\"en-GB\",\"@id\":\"https:\\\/\\\/orechini.sk\\\/#\\\/schema\\\/logo\\\/image\\\/\",\"url\":\"https:\\\/\\\/orechini.sk\\\/wp-content\\\/uploads\\\/2023\\\/05\\\/orechini_logoArtboard-1-copy-5-e1683234206381.png\",\"contentUrl\":\"https:\\\/\\\/orechini.sk\\\/wp-content\\\/uploads\\\/2023\\\/05\\\/orechini_logoArtboard-1-copy-5-e1683234206381.png\",\"width\":300,\"height\":169,\"caption\":\"orechini.sk\"},\"image\":{\"@id\":\"https:\\\/\\\/orechini.sk\\\/#\\\/schema\\\/logo\\\/image\\\/\"}}]}<\/script>\n<!-- \/ Yoast SEO plugin. -->","yoast_head_json":{"title":"BIO Vla\u0161sk\u00e9 orechy v \u0161krupine 1kg - orechini.sk","robots":{"index":"index","follow":"follow","max-snippet":"max-snippet:-1","max-image-preview":"max-image-preview:large","max-video-preview":"max-video-preview:-1"},"canonical":"https:\/\/orechini.sk\/en\/product\/vlasske-orechy-2\/","og_locale":"en_GB","og_type":"article","og_title":"BIO Vla\u0161sk\u00e9 orechy v \u0161krupine 1kg - orechini.sk","og_description":"Orechy su\u0301 vypestovane\u0301, skontrolovane\u0301, spracovane\u0301\u00a0a zabalene\u0301 priamo na nas\u030cej farme Orechini, aby sme zaruc\u030cili produkty prvotriednej kvality. Su\u0301 bohate\u0301 na vitami\u0301n B, Omega-3 a Omega-6 mastne\u0301 kyseliny. Tvoria idea\u0301lnu potravinu pre leps\u030ciu pama\u0308t\u030c a prispievaju\u0301 k zniz\u030covaniu LDL cholesterolu v organizme. Pre najva\u0308c\u030cs\u030cie moz\u030cne\u0301 zachovanie vy\u0301z\u030civovy\u0301ch hodno\u0302t ich uchova\u0301vame v chladenom sklade. Nas\u030ce odrody sa vyznac\u030cuju\u0301 na\u0301dherny\u0301mi zlatisty\u0301mi jadrami\u00a0a maslovou chut\u030cou.","og_url":"https:\/\/orechini.sk\/en\/product\/vlasske-orechy-2\/","og_site_name":"orechini.sk","article_modified_time":"2025-12-17T15:31:56+00:00","og_image":[{"width":900,"height":1350,"url":"https:\/\/orechini.sk\/wp-content\/uploads\/2023\/03\/ORECHINI_VlasskeOrechy_sietka_900x1350.png","type":"image\/png"}],"twitter_card":"summary_large_image","schema":{"@context":"https:\/\/schema.org","@graph":[{"@type":"WebPage","@id":"https:\/\/orechini.sk\/produkt\/vlasske-orechy-2\/","url":"https:\/\/orechini.sk\/produkt\/vlasske-orechy-2\/","name":"BIO Vla\u0161sk\u00e9 orechy v \u0161krupine 1kg - orechini.sk","isPartOf":{"@id":"https:\/\/orechini.sk\/#website"},"primaryImageOfPage":{"@id":"https:\/\/orechini.sk\/produkt\/vlasske-orechy-2\/#primaryimage"},"image":{"@id":"https:\/\/orechini.sk\/produkt\/vlasske-orechy-2\/#primaryimage"},"thumbnailUrl":"https:\/\/orechini.sk\/wp-content\/uploads\/2023\/03\/ORECHINI_VlasskeOrechy_sietka_900x1350.png","datePublished":"2023-03-01T13:46:10+00:00","dateModified":"2025-12-17T15:31:56+00:00","breadcrumb":{"@id":"https:\/\/orechini.sk\/produkt\/vlasske-orechy-2\/#breadcrumb"},"inLanguage":"en-GB","potentialAction":[{"@type":"ReadAction","target":["https:\/\/orechini.sk\/produkt\/vlasske-orechy-2\/"]}]},{"@type":"ImageObject","inLanguage":"en-GB","@id":"https:\/\/orechini.sk\/produkt\/vlasske-orechy-2\/#primaryimage","url":"https:\/\/orechini.sk\/wp-content\/uploads\/2023\/03\/ORECHINI_VlasskeOrechy_sietka_900x1350.png","contentUrl":"https:\/\/orechini.sk\/wp-content\/uploads\/2023\/03\/ORECHINI_VlasskeOrechy_sietka_900x1350.png","width":900,"height":1350},{"@type":"BreadcrumbList","@id":"https:\/\/orechini.sk\/produkt\/vlasske-orechy-2\/#breadcrumb","itemListElement":[{"@type":"ListItem","position":1,"name":"Domovsk\u00e1 str\u00e1nka","item":"https:\/\/orechini.sk\/"},{"@type":"ListItem","position":2,"name":"Obchod","item":"https:\/\/orechini.sk\/obchod\/"},{"@type":"ListItem","position":3,"name":"BIO Vla\u0161sk\u00e9 orechy v \u0161krupine 1kg"}]},{"@type":"WebSite","@id":"https:\/\/orechini.sk\/#website","url":"https:\/\/orechini.sk\/","name":"orechini.sk","description":"Skuto\u010dne zdrav\u00e9, neskuto\u010dne dobr\u00e9.","publisher":{"@id":"https:\/\/orechini.sk\/#organization"},"potentialAction":[{"@type":"SearchAction","target":{"@type":"EntryPoint","urlTemplate":"https:\/\/orechini.sk\/?s={search_term_string}"},"query-input":{"@type":"PropertyValueSpecification","valueRequired":true,"valueName":"search_term_string"}}],"inLanguage":"en-GB"},{"@type":"Organization","@id":"https:\/\/orechini.sk\/#organization","name":"orechini.sk","url":"https:\/\/orechini.sk\/","logo":{"@type":"ImageObject","inLanguage":"en-GB","@id":"https:\/\/orechini.sk\/#\/schema\/logo\/image\/","url":"https:\/\/orechini.sk\/wp-content\/uploads\/2023\/05\/orechini_logoArtboard-1-copy-5-e1683234206381.png","contentUrl":"https:\/\/orechini.sk\/wp-content\/uploads\/2023\/05\/orechini_logoArtboard-1-copy-5-e1683234206381.png","width":300,"height":169,"caption":"orechini.sk"},"image":{"@id":"https:\/\/orechini.sk\/#\/schema\/logo\/image\/"}}]}},"_links":{"self":[{"href":"https:\/\/orechini.sk\/en\/wp-json\/wp\/v2\/product\/1644","targetHints":{"allow":["GET"]}}],"collection":[{"href":"https:\/\/orechini.sk\/en\/wp-json\/wp\/v2\/product"}],"about":[{"href":"https:\/\/orechini.sk\/en\/wp-json\/wp\/v2\/types\/product"}],"wp:featuredmedia":[{"embeddable":true,"href":"https:\/\/orechini.sk\/en\/wp-json\/wp\/v2\/media\/2159"}],"wp:attachment":[{"href":"https:\/\/orechini.sk\/en\/wp-json\/wp\/v2\/media?parent=1644"}],"wp:term":[{"taxonomy":"product_cat","embeddable":true,"href":"https:\/\/orechini.sk\/en\/wp-json\/wp\/v2\/product_cat?post=1644"},{"taxonomy":"product_tag","embeddable":true,"href":"https:\/\/orechini.sk\/en\/wp-json\/wp\/v2\/product_tag?post=1644"}],"curies":[{"name":"wp","href":"https:\/\/api.w.org\/{rel}","templated":true}]}}