{"id":2851,"date":"2023-04-17T14:52:19","date_gmt":"2023-04-17T14:52:19","guid":{"rendered":"https:\/\/orechini.sk\/?post_type=product&#038;p=2851"},"modified":"2025-12-17T15:31:01","modified_gmt":"2025-12-17T15:31:01","slug":"vlasske-orechy-3","status":"publish","type":"product","link":"https:\/\/orechini.sk\/en\/product\/vlasske-orechy-3\/","title":{"rendered":"Organic Walnuts"},"content":{"rendered":"<div class=\"product-custom-detail\">\n<div class=\"product-custom-detail-text\">\n<p>The nuts are grown, inspected, processed and packaged directly on our Orechini farm to guarantee premium quality products. They are rich in vitamin B, Omega-3 and Omega-6 fatty acids. They form an ideal food for better memory and contribute to the reduction of LDL cholesterol in the body. For the greatest possible preservation of nutritional values, we keep them in refrigerated storage. Our varieties are characterised by their beautiful golden kernels and buttery taste.<\/p>\n<p><strong>Harvest<\/strong>: 2025<\/p>\n<p><strong>Administrative classification:<\/strong> Dry nuts<\/p>\n<p><strong>Composition:<\/strong> Walnuts 100%<\/p>\n<p><strong>Country of origin:<\/strong>\u00a0Slovakia<\/p>\n<p><strong>Storage:<\/strong> Store in a dark, cool and dry place.<\/p>\n<p><strong>Packaging:<\/strong> Reclosable doypack bag<\/p>\n<\/div>\n<div class=\"product-custom-detail-img\"><img fetchpriority=\"high\" decoding=\"async\" class=\"wp-image-1634 alignright\" src=\"https:\/\/orechini.sk\/wp-content\/uploads\/2023\/02\/Group-378-300x207.png\" alt=\"\" width=\"628\" height=\"433\" srcset=\"https:\/\/orechini.sk\/wp-content\/uploads\/2023\/02\/Group-378-300x207.png 300w, https:\/\/orechini.sk\/wp-content\/uploads\/2023\/02\/Group-378.png 591w\" sizes=\"(max-width: 628px) 100vw, 628px\" \/><\/div>\n<\/div>","protected":false},"excerpt":{"rendered":"<p>Walnuts are a delicious treat for young children and adults alike. Because they are already shelled, you can always have them on hand and enjoy a healthy snack.60 % of the contents consist of whole halves, which you can use to decorate homemade desserts or in homemade granola. Then sprinkle the smaller pieces on your morning porridge and use as a sprinkle on vegetable or fruit salads. If you like to bake, ground walnuts are great as an ingredient in sweet doughs and also as a filling for buns, rolls and strudels.<\/p>","protected":false},"featured_media":3092,"template":"","meta":{"_acf_changed":false},"product_cat":[35,43],"product_tag":[],"class_list":{"0":"post-2851","1":"product","2":"type-product","3":"status-publish","4":"has-post-thumbnail","6":"product_cat-balenelupane","7":"product_cat-orechy","9":"first","10":"instock","11":"taxable","12":"shipping-taxable","13":"purchasable","14":"product-type-variable","15":"has-default-attributes"},"acf":[],"yoast_head":"<!-- This site is optimized with the Yoast SEO plugin v27.3 - https:\/\/yoast.com\/product\/yoast-seo-wordpress\/ -->\n<title>BIO Vla\u0161sk\u00e9 orechy - orechini.sk<\/title>\n<meta name=\"robots\" content=\"index, follow, max-snippet:-1, max-image-preview:large, max-video-preview:-1\" \/>\n<link rel=\"canonical\" href=\"https:\/\/orechini.sk\/en\/product\/vlasske-orechy-3\/\" \/>\n<meta property=\"og:locale\" content=\"en_GB\" \/>\n<meta property=\"og:type\" content=\"article\" \/>\n<meta property=\"og:title\" content=\"BIO Vla\u0161sk\u00e9 orechy - orechini.sk\" \/>\n<meta property=\"og:description\" content=\"Vla\u0161sk\u00e9 orechy s\u00fa v\u00fdbornou poch\u00fa\u0165kou pre mal\u00e9 deti aj dospel\u00e1kov. Preto\u017ee s\u00fa u\u017e vyl\u00fapan\u00e9, m\u00f4\u017eete ich ma\u0165 v\u017edy po ruke a pochutna\u0165 si na zdraviu prospe\u0161nej desiate. 60 % obsahu tvoria cel\u00e9 polovice, ktor\u00e9 m\u00f4\u017eete pou\u017ei\u0165 na ozdobenie doma vytvoren\u00fdch dezertov alebo do dom\u00e1cej granoly. Men\u0161ie k\u00fasky potom nasypte na rann\u00fa ka\u0161u a pou\u017eite ako pos\u00fdpku na \u0161al\u00e1ty zo zeleniny \u010di ovocia. Pokia\u013e radi pe\u010diete, rozomlet\u00e9 \u200b\u200bvla\u0161iaky s\u00fa skvel\u00e9 ako pr\u00edsada do sladk\u00fdch ciest a tie\u017e ako n\u00e1pl\u0148 do buchiet, rol\u00e1d a z\u00e1vinov.\" \/>\n<meta property=\"og:url\" content=\"https:\/\/orechini.sk\/en\/product\/vlasske-orechy-3\/\" \/>\n<meta property=\"og:site_name\" content=\"orechini.sk\" \/>\n<meta property=\"article:modified_time\" content=\"2025-12-17T15:31:01+00:00\" \/>\n<meta property=\"og:image\" content=\"https:\/\/orechini.sk\/wp-content\/uploads\/2023\/04\/2.png\" \/>\n\t<meta property=\"og:image:width\" content=\"900\" \/>\n\t<meta property=\"og:image:height\" content=\"1350\" \/>\n\t<meta property=\"og:image:type\" content=\"image\/png\" \/>\n<meta name=\"twitter:card\" content=\"summary_large_image\" \/>\n<meta name=\"twitter:label1\" content=\"Estimated reading time\" \/>\n\t<meta name=\"twitter:data1\" content=\"1 minute\" \/>\n<script type=\"application\/ld+json\" class=\"yoast-schema-graph\">{\"@context\":\"https:\\\/\\\/schema.org\",\"@graph\":[{\"@type\":\"WebPage\",\"@id\":\"https:\\\/\\\/orechini.sk\\\/produkt\\\/vlasske-orechy-3\\\/\",\"url\":\"https:\\\/\\\/orechini.sk\\\/produkt\\\/vlasske-orechy-3\\\/\",\"name\":\"BIO Vla\u0161sk\u00e9 orechy - orechini.sk\",\"isPartOf\":{\"@id\":\"https:\\\/\\\/orechini.sk\\\/#website\"},\"primaryImageOfPage\":{\"@id\":\"https:\\\/\\\/orechini.sk\\\/produkt\\\/vlasske-orechy-3\\\/#primaryimage\"},\"image\":{\"@id\":\"https:\\\/\\\/orechini.sk\\\/produkt\\\/vlasske-orechy-3\\\/#primaryimage\"},\"thumbnailUrl\":\"https:\\\/\\\/orechini.sk\\\/wp-content\\\/uploads\\\/2023\\\/04\\\/2.png\",\"datePublished\":\"2023-04-17T14:52:19+00:00\",\"dateModified\":\"2025-12-17T15:31:01+00:00\",\"breadcrumb\":{\"@id\":\"https:\\\/\\\/orechini.sk\\\/produkt\\\/vlasske-orechy-3\\\/#breadcrumb\"},\"inLanguage\":\"en-GB\",\"potentialAction\":[{\"@type\":\"ReadAction\",\"target\":[\"https:\\\/\\\/orechini.sk\\\/produkt\\\/vlasske-orechy-3\\\/\"]}]},{\"@type\":\"ImageObject\",\"inLanguage\":\"en-GB\",\"@id\":\"https:\\\/\\\/orechini.sk\\\/produkt\\\/vlasske-orechy-3\\\/#primaryimage\",\"url\":\"https:\\\/\\\/orechini.sk\\\/wp-content\\\/uploads\\\/2023\\\/04\\\/2.png\",\"contentUrl\":\"https:\\\/\\\/orechini.sk\\\/wp-content\\\/uploads\\\/2023\\\/04\\\/2.png\",\"width\":900,\"height\":1350},{\"@type\":\"BreadcrumbList\",\"@id\":\"https:\\\/\\\/orechini.sk\\\/produkt\\\/vlasske-orechy-3\\\/#breadcrumb\",\"itemListElement\":[{\"@type\":\"ListItem\",\"position\":1,\"name\":\"Domovsk\u00e1 str\u00e1nka\",\"item\":\"https:\\\/\\\/orechini.sk\\\/\"},{\"@type\":\"ListItem\",\"position\":2,\"name\":\"Obchod\",\"item\":\"https:\\\/\\\/orechini.sk\\\/obchod\\\/\"},{\"@type\":\"ListItem\",\"position\":3,\"name\":\"BIO Vla\u0161sk\u00e9 orechy\"}]},{\"@type\":\"WebSite\",\"@id\":\"https:\\\/\\\/orechini.sk\\\/#website\",\"url\":\"https:\\\/\\\/orechini.sk\\\/\",\"name\":\"orechini.sk\",\"description\":\"Skuto\u010dne zdrav\u00e9, neskuto\u010dne dobr\u00e9.\",\"publisher\":{\"@id\":\"https:\\\/\\\/orechini.sk\\\/#organization\"},\"potentialAction\":[{\"@type\":\"SearchAction\",\"target\":{\"@type\":\"EntryPoint\",\"urlTemplate\":\"https:\\\/\\\/orechini.sk\\\/?s={search_term_string}\"},\"query-input\":{\"@type\":\"PropertyValueSpecification\",\"valueRequired\":true,\"valueName\":\"search_term_string\"}}],\"inLanguage\":\"en-GB\"},{\"@type\":\"Organization\",\"@id\":\"https:\\\/\\\/orechini.sk\\\/#organization\",\"name\":\"orechini.sk\",\"url\":\"https:\\\/\\\/orechini.sk\\\/\",\"logo\":{\"@type\":\"ImageObject\",\"inLanguage\":\"en-GB\",\"@id\":\"https:\\\/\\\/orechini.sk\\\/#\\\/schema\\\/logo\\\/image\\\/\",\"url\":\"https:\\\/\\\/orechini.sk\\\/wp-content\\\/uploads\\\/2023\\\/05\\\/orechini_logoArtboard-1-copy-5-e1683234206381.png\",\"contentUrl\":\"https:\\\/\\\/orechini.sk\\\/wp-content\\\/uploads\\\/2023\\\/05\\\/orechini_logoArtboard-1-copy-5-e1683234206381.png\",\"width\":300,\"height\":169,\"caption\":\"orechini.sk\"},\"image\":{\"@id\":\"https:\\\/\\\/orechini.sk\\\/#\\\/schema\\\/logo\\\/image\\\/\"}}]}<\/script>\n<!-- \/ Yoast SEO plugin. -->","yoast_head_json":{"title":"BIO Vla\u0161sk\u00e9 orechy - orechini.sk","robots":{"index":"index","follow":"follow","max-snippet":"max-snippet:-1","max-image-preview":"max-image-preview:large","max-video-preview":"max-video-preview:-1"},"canonical":"https:\/\/orechini.sk\/en\/product\/vlasske-orechy-3\/","og_locale":"en_GB","og_type":"article","og_title":"BIO Vla\u0161sk\u00e9 orechy - orechini.sk","og_description":"Vla\u0161sk\u00e9 orechy s\u00fa v\u00fdbornou poch\u00fa\u0165kou pre mal\u00e9 deti aj dospel\u00e1kov. Preto\u017ee s\u00fa u\u017e vyl\u00fapan\u00e9, m\u00f4\u017eete ich ma\u0165 v\u017edy po ruke a pochutna\u0165 si na zdraviu prospe\u0161nej desiate. 60 % obsahu tvoria cel\u00e9 polovice, ktor\u00e9 m\u00f4\u017eete pou\u017ei\u0165 na ozdobenie doma vytvoren\u00fdch dezertov alebo do dom\u00e1cej granoly. Men\u0161ie k\u00fasky potom nasypte na rann\u00fa ka\u0161u a pou\u017eite ako pos\u00fdpku na \u0161al\u00e1ty zo zeleniny \u010di ovocia. Pokia\u013e radi pe\u010diete, rozomlet\u00e9 \u200b\u200bvla\u0161iaky s\u00fa skvel\u00e9 ako pr\u00edsada do sladk\u00fdch ciest a tie\u017e ako n\u00e1pl\u0148 do buchiet, rol\u00e1d a z\u00e1vinov.","og_url":"https:\/\/orechini.sk\/en\/product\/vlasske-orechy-3\/","og_site_name":"orechini.sk","article_modified_time":"2025-12-17T15:31:01+00:00","og_image":[{"width":900,"height":1350,"url":"https:\/\/orechini.sk\/wp-content\/uploads\/2023\/04\/2.png","type":"image\/png"}],"twitter_card":"summary_large_image","twitter_misc":{"Estimated reading time":"1 minute"},"schema":{"@context":"https:\/\/schema.org","@graph":[{"@type":"WebPage","@id":"https:\/\/orechini.sk\/produkt\/vlasske-orechy-3\/","url":"https:\/\/orechini.sk\/produkt\/vlasske-orechy-3\/","name":"BIO Vla\u0161sk\u00e9 orechy - orechini.sk","isPartOf":{"@id":"https:\/\/orechini.sk\/#website"},"primaryImageOfPage":{"@id":"https:\/\/orechini.sk\/produkt\/vlasske-orechy-3\/#primaryimage"},"image":{"@id":"https:\/\/orechini.sk\/produkt\/vlasske-orechy-3\/#primaryimage"},"thumbnailUrl":"https:\/\/orechini.sk\/wp-content\/uploads\/2023\/04\/2.png","datePublished":"2023-04-17T14:52:19+00:00","dateModified":"2025-12-17T15:31:01+00:00","breadcrumb":{"@id":"https:\/\/orechini.sk\/produkt\/vlasske-orechy-3\/#breadcrumb"},"inLanguage":"en-GB","potentialAction":[{"@type":"ReadAction","target":["https:\/\/orechini.sk\/produkt\/vlasske-orechy-3\/"]}]},{"@type":"ImageObject","inLanguage":"en-GB","@id":"https:\/\/orechini.sk\/produkt\/vlasske-orechy-3\/#primaryimage","url":"https:\/\/orechini.sk\/wp-content\/uploads\/2023\/04\/2.png","contentUrl":"https:\/\/orechini.sk\/wp-content\/uploads\/2023\/04\/2.png","width":900,"height":1350},{"@type":"BreadcrumbList","@id":"https:\/\/orechini.sk\/produkt\/vlasske-orechy-3\/#breadcrumb","itemListElement":[{"@type":"ListItem","position":1,"name":"Domovsk\u00e1 str\u00e1nka","item":"https:\/\/orechini.sk\/"},{"@type":"ListItem","position":2,"name":"Obchod","item":"https:\/\/orechini.sk\/obchod\/"},{"@type":"ListItem","position":3,"name":"BIO Vla\u0161sk\u00e9 orechy"}]},{"@type":"WebSite","@id":"https:\/\/orechini.sk\/#website","url":"https:\/\/orechini.sk\/","name":"orechini.sk","description":"Skuto\u010dne zdrav\u00e9, neskuto\u010dne dobr\u00e9.","publisher":{"@id":"https:\/\/orechini.sk\/#organization"},"potentialAction":[{"@type":"SearchAction","target":{"@type":"EntryPoint","urlTemplate":"https:\/\/orechini.sk\/?s={search_term_string}"},"query-input":{"@type":"PropertyValueSpecification","valueRequired":true,"valueName":"search_term_string"}}],"inLanguage":"en-GB"},{"@type":"Organization","@id":"https:\/\/orechini.sk\/#organization","name":"orechini.sk","url":"https:\/\/orechini.sk\/","logo":{"@type":"ImageObject","inLanguage":"en-GB","@id":"https:\/\/orechini.sk\/#\/schema\/logo\/image\/","url":"https:\/\/orechini.sk\/wp-content\/uploads\/2023\/05\/orechini_logoArtboard-1-copy-5-e1683234206381.png","contentUrl":"https:\/\/orechini.sk\/wp-content\/uploads\/2023\/05\/orechini_logoArtboard-1-copy-5-e1683234206381.png","width":300,"height":169,"caption":"orechini.sk"},"image":{"@id":"https:\/\/orechini.sk\/#\/schema\/logo\/image\/"}}]}},"_links":{"self":[{"href":"https:\/\/orechini.sk\/en\/wp-json\/wp\/v2\/product\/2851","targetHints":{"allow":["GET"]}}],"collection":[{"href":"https:\/\/orechini.sk\/en\/wp-json\/wp\/v2\/product"}],"about":[{"href":"https:\/\/orechini.sk\/en\/wp-json\/wp\/v2\/types\/product"}],"wp:featuredmedia":[{"embeddable":true,"href":"https:\/\/orechini.sk\/en\/wp-json\/wp\/v2\/media\/3092"}],"wp:attachment":[{"href":"https:\/\/orechini.sk\/en\/wp-json\/wp\/v2\/media?parent=2851"}],"wp:term":[{"taxonomy":"product_cat","embeddable":true,"href":"https:\/\/orechini.sk\/en\/wp-json\/wp\/v2\/product_cat?post=2851"},{"taxonomy":"product_tag","embeddable":true,"href":"https:\/\/orechini.sk\/en\/wp-json\/wp\/v2\/product_tag?post=2851"}],"curies":[{"name":"wp","href":"https:\/\/api.w.org\/{rel}","templated":true}]}}